{"id":2285,"date":"2025-11-03T13:04:30","date_gmt":"2025-11-03T20:04:30","guid":{"rendered":"https:\/\/www.jmasojinaga.gob.mx\/principal\/?page_id=2285"},"modified":"2025-11-14T12:47:48","modified_gmt":"2025-11-14T19:47:48","slug":"sevac-3er-trimestre-2025","status":"publish","type":"page","link":"https:\/\/www.jmasojinaga.gob.mx\/principal\/sevac-3er-trimestre-2025\/","title":{"rendered":"SEvAC 3er. Trimestre 2025"},"content":{"rendered":"\n<h4>AUDITORIA SUPERIOR (SEvAC) 3er. Trimestre 2025<\/h4>\n<address>\n<table style=\"width: 100%; height: 851px;\">\n<tbody>\n<tr style=\"height: 23px;\">\n<td style=\"height: 23px;\">\u00a0<\/td>\n<td style=\"height: 23px;\"><a href=\"https:\/\/app.box.com\/s\/mamaxbwf9rx85x8aoc2gcp07varbuzhf\" target=\"_blank\" rel=\"noopener\">01_Estado de Actividades<\/a><\/td>\n<\/tr>\n<tr style=\"height: 23px;\">\n<td style=\"height: 23px;\">\u00a0<\/td>\n<td style=\"height: 23px;\"><a href=\"https:\/\/app.box.com\/s\/t9mkqu4m02t13b205xx3v3dcvx33mpbm\" target=\"_blank\" rel=\"noopener\">02_Estado de Situaci\u00f3n Financiera<\/a><\/td>\n<\/tr>\n<tr style=\"height: 23px;\">\n<td style=\"height: 23px;\">\u00a0<\/td>\n<td style=\"height: 23px;\"><a href=\"https:\/\/app.box.com\/s\/4snourb6dxjxpjqm9f5h0frx8z0frl1q\" target=\"_blank\" rel=\"noopener\">03_Estado de Variaci\u00f3n en la Hacienda P\u00fablica<\/a><\/td>\n<\/tr>\n<tr style=\"height: 23px;\">\n<td style=\"height: 23px;\">\u00a0<\/td>\n<td style=\"height: 23px;\"><a href=\"https:\/\/app.box.com\/s\/ur17ojj8mvplt37ez6z07jzvxeghznnc\" target=\"_blank\" rel=\"noopener\">04_Estado de Cambios en la Situaci\u00f3n Financiera<\/a><\/td>\n<\/tr>\n<tr style=\"height: 23px;\">\n<td style=\"height: 23px;\">\u00a0<\/td>\n<td style=\"height: 23px;\"><a href=\"https:\/\/app.box.com\/s\/6crfwgdpfzt0xtvzmuhs9x1y1mwubwk3\" target=\"_blank\" rel=\"noopener\">05_Estado de Flujos de Efectivo<\/a><\/td>\n<\/tr>\n<tr style=\"height: 23px;\">\n<td style=\"height: 23px;\">\u00a0<\/td>\n<td style=\"height: 23px;\"><a href=\"https:\/\/app.box.com\/s\/unmdmwn0lg8swlpzwon1hwbbs25w6suh\" target=\"_blank\" rel=\"noopener\">06 Informe sobre pasivos contingentes<\/a><\/td>\n<\/tr>\n<tr style=\"height: 23px;\">\n<td style=\"height: 23px;\">\u00a0<\/td>\n<td style=\"height: 23px;\">\n<div id=\"edit-filelist\" class=\"dispfile dispfileContainer\"><a href=\"https:\/\/app.box.com\/s\/dqn2j4cmwtiijvn3v7ehc1pqiu5b6dcm\" target=\"_blank\" rel=\"noopener\">07_Notas de Desglose<\/a><\/div>\n<\/td>\n<\/tr>\n<tr style=\"height: 23px;\">\n<td style=\"height: 23px;\">\u00a0<\/td>\n<td style=\"height: 23px;\">\n<div id=\"edit-filelist\" class=\"dispfile dispfileContainer\"><a href=\"https:\/\/app.box.com\/s\/433yljtujocoza45ydwgvpelp9q9y1r8\" target=\"_blank\" rel=\"noopener\">08_Notas de Memoria (Cuentas de Orden)<\/a><\/div>\n<\/td>\n<\/tr>\n<tr style=\"height: 23px;\">\n<td style=\"height: 23px;\">\u00a0<\/td>\n<td style=\"height: 23px;\"><a href=\"https:\/\/app.box.com\/s\/afhrwo39gt5ql9kahx87w5b853upcjtn\" target=\"_blank\" rel=\"noopener\">09_Notas de Gesti\u00f3n Administrativa<\/a><\/td>\n<\/tr>\n<tr style=\"height: 23px;\">\n<td style=\"height: 23px;\">\u00a0<\/td>\n<td style=\"height: 23px;\"><a href=\"https:\/\/app.box.com\/s\/6udu513i1wxaf1g0y54224sxcmdcr25u\" target=\"_blank\" rel=\"noopener\">10_Estado Anal\u00edtico del Activo<\/a><\/td>\n<\/tr>\n<tr style=\"height: 23px;\">\n<td style=\"height: 23px;\">\u00a0<\/td>\n<td style=\"height: 23px;\"><a href=\"https:\/\/app.box.com\/s\/biwen5q9rma08j7wjtp69pk4iv1dc6rh\" target=\"_blank\" rel=\"noopener\">11_Estado Anal\u00edtico de la Deuda y Otros Pasivos<\/a><\/td>\n<\/tr>\n<tr style=\"height: 23px;\">\n<td style=\"height: 23px;\">\u00a0<\/td>\n<td style=\"height: 23px;\"><a href=\"https:\/\/app.box.com\/s\/e5w1yyfmy35u9bwuhto13c4dedw7p0fq\" target=\"_blank\" rel=\"noopener\">13_Estado Anal\u00edtico de Ingresos (Rubro de Ingresos)<\/a><\/td>\n<\/tr>\n<tr style=\"height: 23px;\">\n<td style=\"height: 23px;\">\u00a0<\/td>\n<td style=\"height: 23px;\"><a href=\"https:\/\/app.box.com\/s\/dt40yvadqwijw8wjzyv9cycsbf1phl32\" target=\"_blank\" rel=\"noopener\">14_Estado Anal\u00edtico de Ingresos por Fuente de Financiamiento<\/a><\/td>\n<\/tr>\n<tr style=\"height: 23px;\">\n<td style=\"height: 23px;\">\u00a0<\/td>\n<td style=\"height: 23px;\"><a href=\"https:\/\/app.box.com\/s\/dr0d31xwftomcyas76868k78sqacv8kp\" target=\"_blank\" rel=\"noopener\">15_Estado Anal\u00edtico de Ingresos por Clasificaci\u00f3n Econ\u00f3mica<\/a><\/td>\n<\/tr>\n<tr style=\"height: 23px;\">\n<td style=\"height: 23px;\">\u00a0<\/td>\n<td style=\"height: 23px;\"><a href=\"https:\/\/app.box.com\/s\/m7fgww5482kjta1imc37w9i2uwczo8h0\" target=\"_blank\" rel=\"noopener\">16_EAEPE \u2013 Clasificaci\u00f3n Administrativa por Dependencia<\/a><\/td>\n<\/tr>\n<tr style=\"height: 23px;\">\n<td style=\"height: 23px;\">\u00a0<\/td>\n<td style=\"height: 23px;\"><a href=\"https:\/\/app.box.com\/s\/nekdjtstqsl3jzc08kknchw9m58q1mq3\" target=\"_blank\" rel=\"noopener\">19_EAEPE \u2013 Clasificaci\u00f3n Econ\u00f3mica (por Tipo de Gasto)<\/a><\/td>\n<\/tr>\n<tr style=\"height: 23px;\">\n<td style=\"height: 23px;\">\u00a0<\/td>\n<td style=\"height: 23px;\"><a href=\"https:\/\/app.box.com\/s\/oriq39gmov88x00qjql9yxxgalo84zao\" target=\"_blank\" rel=\"noopener\">20_EAEPE \u2013 Clasificaci\u00f3n por Objeto del Gasto (Cap\u00edtulo y Concepto)<\/a><\/td>\n<\/tr>\n<tr style=\"height: 23px;\">\n<td style=\"height: 23px;\">\u00a0<\/td>\n<td style=\"height: 23px;\"><a href=\"https:\/\/app.box.com\/s\/8q75zq5gj42gd97qxw0lxwi4il8ai1gq\" target=\"_blank\" rel=\"noopener\">21_EAEPE \u2013 Clasificaci\u00f3n Funcional (Finalidad y Funci\u00f3n)<\/a><\/td>\n<\/tr>\n<tr style=\"height: 23px;\">\n<td style=\"height: 23px;\">\u00a0<\/td>\n<td style=\"height: 23px;\"><a href=\"https:\/\/app.box.com\/s\/ukt2ta8kyo3iryi4fwh0v42216lrnu5e\" target=\"_blank\" rel=\"noopener\">22_Endeudamiento Neto<\/a><\/td>\n<\/tr>\n<tr style=\"height: 23px;\">\n<td style=\"height: 23px;\">\u00a0<\/td>\n<td style=\"height: 23px;\"><a href=\"https:\/\/app.box.com\/s\/ic8vf8txj1eu9mt6ye2mecxu75j5h2iv\" target=\"_blank\" rel=\"noopener\">23_Intereses de la Deuda<\/a><\/td>\n<\/tr>\n<tr style=\"height: 23px;\">\n<td style=\"height: 23px;\">\u00a0<\/td>\n<td style=\"height: 23px;\"><a href=\"https:\/\/app.box.com\/s\/7rniaa4dxobr7ifuk6vx7550sxyt55bi\" target=\"_blank\" rel=\"noopener\">24_Flujo de Fondos<\/a><\/td>\n<\/tr>\n<tr style=\"height: 23px;\">\n<td style=\"height: 23px;\">\u00a0<\/td>\n<td style=\"height: 23px;\"><a href=\"https:\/\/app.box.com\/s\/ohs5e74p2ygcm1jwm57yh0imcbzr03xd\" target=\"_blank\" rel=\"noopener\">25_Gasto por Categor\u00eda Program\u00e1tica<\/a><\/td>\n<\/tr>\n<tr style=\"height: 23px;\">\n<td style=\"height: 23px;\">\u00a0<\/td>\n<td style=\"height: 23px;\"><a href=\"https:\/\/app.box.com\/s\/n4yjxhu7ovvat4grk1adczsf78rpun4v\" target=\"_blank\" rel=\"noopener\">28_Relaci\u00f3n de Bienes Muebles<\/a><\/td>\n<\/tr>\n<tr style=\"height: 23px;\">\n<td style=\"height: 23px;\">\u00a0<\/td>\n<td style=\"height: 23px;\"><a href=\"https:\/\/app.box.com\/s\/r1q8aplfcsedzldpiugp3rxuqo8dwijz\" target=\"_blank\" rel=\"noopener\">29_Relaci\u00f3n de Bienes Inmuebles<\/a><\/td>\n<\/tr>\n<tr style=\"height: 23px;\">\n<td style=\"height: 23px;\">\u00a0<\/td>\n<td style=\"height: 23px;\"><a href=\"https:\/\/app.box.com\/s\/hi9rfrnnawnvk4p284ehf9wet7awzi8v\" target=\"_blank\" rel=\"noopener\">34. Balanza de comprobaci\u00f3n<\/a><\/td>\n<\/tr>\n<tr style=\"height: 23px;\">\n<td style=\"height: 23px;\">\u00a0<\/td>\n<td style=\"height: 23px;\"><a href=\"https:\/\/app.box.com\/s\/9a9i3ulzuv32mk9jqzrhd0mi9wlrpmam\" target=\"_blank\" rel=\"noopener\">35. Auxiliares de Mayor<\/a><\/td>\n<\/tr>\n<tr style=\"height: 23px;\">\n<td style=\"height: 23px;\">\u00a0<\/td>\n<td style=\"height: 23px;\"><a href=\"https:\/\/app.box.com\/s\/dxvfsiax9v79fo25f9e9yw9fy8ab0lse\" target=\"_blank\" rel=\"noopener\">36_Estado de Situaci\u00f3n Financiera Detallado \u2013 LDF<\/a><\/td>\n<\/tr>\n<tr style=\"height: 23px;\">\n<td style=\"height: 23px;\">\u00a0<\/td>\n<td style=\"height: 23px;\"><a href=\"https:\/\/app.box.com\/s\/qjt7itczr4vzlbp5b9pd7alitc0hpfsp\" target=\"_blank\" rel=\"noopener\">37_Informe Anal\u00edtico de la Deuda P\u00fablica y Otros Pasivos \u2013 LDF<\/a><\/td>\n<\/tr>\n<tr style=\"height: 23px;\">\n<td style=\"height: 23px;\">\u00a0<\/td>\n<td style=\"height: 23px;\"><a href=\"https:\/\/app.box.com\/s\/i79t0b2lu2kf1e82jqpvln5y74a27sgv\" target=\"_blank\" rel=\"noopener\">38 Inf. Analit obli fin<\/a><\/td>\n<\/tr>\n<tr style=\"height: 23px;\">\n<td style=\"height: 23px;\">\u00a0<\/td>\n<td style=\"height: 23px;\"><a href=\"https:\/\/app.box.com\/s\/r65sqew2eahccdqs9u2ax6fjx32gt00d\" target=\"_blank\" rel=\"noopener\">39_Balance Presupuestario \u2013 LDF<\/a><\/td>\n<\/tr>\n<tr style=\"height: 23px;\">\n<td style=\"height: 23px;\">\u00a0<\/td>\n<td style=\"height: 23px;\"><a href=\"https:\/\/app.box.com\/s\/gzgi8dprf6nfyggh8bxixok9auin61nr\" target=\"_blank\" rel=\"noopener\">40_Estado Anal\u00edtico de Ingresos Detallado \u2013 LDF<\/a><\/td>\n<\/tr>\n<tr style=\"height: 23px;\">\n<td style=\"height: 23px;\">\u00a0<\/td>\n<td style=\"height: 23px;\"><a href=\"https:\/\/app.box.com\/s\/cu3sy8in06os51dl0fj70zwh0ohc4axs\" target=\"_blank\" rel=\"noopener\">41_Estado Anal\u00edtico Ejercicio Presupuesto Egresos Detallado \u2013 COG<\/a><\/td>\n<\/tr>\n<tr style=\"height: 23px;\">\n<td style=\"height: 23px;\">\u00a0<\/td>\n<td style=\"height: 23px;\"><a href=\"https:\/\/app.box.com\/s\/pgh9kxegfvktb3p45qu2nnggdkfj2ql5\" target=\"_blank\" rel=\"noopener\">42_Estado Anal\u00edtico Ejercicio Presupuesto Egresos Detallado \u2013 CA<\/a><\/td>\n<\/tr>\n<tr style=\"height: 23px;\">\n<td style=\"height: 23px;\">\u00a0<\/td>\n<td style=\"height: 23px;\"><a href=\"https:\/\/app.box.com\/s\/g2j70gidbhyqax6mg1837dumxgs38oez\" target=\"_blank\" rel=\"noopener\">43_Estado Anal\u00edtico Ejercicio Presupuesto Egresos Detallado \u2013 CF<\/a><\/td>\n<\/tr>\n<tr style=\"height: 23px;\">\n<td style=\"height: 23px;\">\u00a0<\/td>\n<td style=\"height: 23px;\"><a href=\"https:\/\/app.box.com\/s\/7864is0kaf7voa5p8ui0tzn1de7k3hc6\" target=\"_blank\" rel=\"noopener\">44_Estado Anal\u00edtico Ejercicio Presupuesto Egresos Detallado \u2013 SP<\/a><\/td>\n<\/tr>\n<tr style=\"height: 23px;\">\n<td style=\"height: 23px;\">\u00a0<\/td>\n<td style=\"height: 23px;\"><a href=\"https:\/\/app.box.com\/s\/nsl5d42lvjsxku7rtf1y6wzoa8ynhbwl\" target=\"_blank\" rel=\"noopener\">48 Recaudaci\u00f3n de Derechos por Suministro de Agua<\/a><\/td>\n<\/tr>\n<tr style=\"height: 23px;\">\n<td style=\"height: 23px;\">\u00a0<\/td>\n<td style=\"height: 23px;\">\u00a0<\/td>\n<\/tr>\n<\/tbody>\n<\/table>\n<p>\u00a0<\/p>\n<\/address>\n","protected":false},"excerpt":{"rendered":"<p>AUDITORIA SUPERIOR (SEvAC) 3er. Trimestre 2025 \u00a0 01_Estado de Actividades \u00a0 02_Estado de Situaci\u00f3n Financiera \u00a0 03_Estado de Variaci\u00f3n en la Hacienda P\u00fablica \u00a0 04_Estado de Cambios en la Situaci\u00f3n Financiera \u00a0 05_Estado de Flujos de Efectivo \u00a0 06 Informe sobre pasivos contingentes \u00a0 07_Notas de Desglose \u00a0 08_Notas de Memoria (Cuentas de Orden) \u00a0 [&hellip;]<\/p>\n","protected":false},"author":1,"featured_media":0,"parent":0,"menu_order":0,"comment_status":"closed","ping_status":"closed","template":"","meta":[],"_links":{"self":[{"href":"https:\/\/www.jmasojinaga.gob.mx\/principal\/wp-json\/wp\/v2\/pages\/2285"}],"collection":[{"href":"https:\/\/www.jmasojinaga.gob.mx\/principal\/wp-json\/wp\/v2\/pages"}],"about":[{"href":"https:\/\/www.jmasojinaga.gob.mx\/principal\/wp-json\/wp\/v2\/types\/page"}],"author":[{"embeddable":true,"href":"https:\/\/www.jmasojinaga.gob.mx\/principal\/wp-json\/wp\/v2\/users\/1"}],"replies":[{"embeddable":true,"href":"https:\/\/www.jmasojinaga.gob.mx\/principal\/wp-json\/wp\/v2\/comments?post=2285"}],"version-history":[{"count":9,"href":"https:\/\/www.jmasojinaga.gob.mx\/principal\/wp-json\/wp\/v2\/pages\/2285\/revisions"}],"predecessor-version":[{"id":2301,"href":"https:\/\/www.jmasojinaga.gob.mx\/principal\/wp-json\/wp\/v2\/pages\/2285\/revisions\/2301"}],"wp:attachment":[{"href":"https:\/\/www.jmasojinaga.gob.mx\/principal\/wp-json\/wp\/v2\/media?parent=2285"}],"curies":[{"name":"wp","href":"https:\/\/api.w.org\/{rel}","templated":true}]}}