{"id":2241,"date":"2025-08-12T14:17:57","date_gmt":"2025-08-12T21:17:57","guid":{"rendered":"https:\/\/www.jmasojinaga.gob.mx\/principal\/?page_id=2241"},"modified":"2025-08-12T14:50:05","modified_gmt":"2025-08-12T21:50:05","slug":"sevac-segundo-trimestre-2025","status":"publish","type":"page","link":"https:\/\/www.jmasojinaga.gob.mx\/principal\/sevac-segundo-trimestre-2025\/","title":{"rendered":"SEVAC SEGUNDO TRIMESTRE 2025"},"content":{"rendered":"\n<h4>AUDITORIA SUPERIOR (SEvAC) 2do. Trimestre 2025<\/h4>\n<address>\n<table style=\"width: 100%; height: 851px;\">\n<tbody>\n<tr style=\"height: 23px;\">\n<td style=\"height: 23px;\">\u00a0<\/td>\n<td style=\"height: 23px;\"><a href=\"https:\/\/app.box.com\/s\/1742fnuv1s02y4sm9w3d9c75lxf09hf2\" target=\"_blank\" rel=\"noopener\">01_Estado de Actividades<\/a><\/td>\n<\/tr>\n<tr style=\"height: 23px;\">\n<td style=\"height: 23px;\">\u00a0<\/td>\n<td style=\"height: 23px;\"><a href=\"https:\/\/app.box.com\/s\/36bih0wl5qn95rexnw004fgrsed5xe66\" target=\"_blank\" rel=\"noopener\">02_Estado de Situaci\u00f3n Financiera<\/a><\/td>\n<\/tr>\n<tr style=\"height: 23px;\">\n<td style=\"height: 23px;\">\u00a0<\/td>\n<td style=\"height: 23px;\"><a href=\"https:\/\/app.box.com\/s\/fovluiwmlfaf2mqjb7t987b9wf6jqig5\" target=\"_blank\" rel=\"noopener\">03_Estado de Variaci\u00f3n en la Hacienda P\u00fablica<\/a><\/td>\n<\/tr>\n<tr style=\"height: 23px;\">\n<td style=\"height: 23px;\">\u00a0<\/td>\n<td style=\"height: 23px;\"><a href=\"https:\/\/app.box.com\/s\/suj6zkrkqvk6bihiw8gd7e4yztemgw5y\" target=\"_blank\" rel=\"noopener\">04_Estado de Cambios en la Situaci\u00f3n Financiera<\/a><\/td>\n<\/tr>\n<tr style=\"height: 23px;\">\n<td style=\"height: 23px;\">\u00a0<\/td>\n<td style=\"height: 23px;\"><a href=\"https:\/\/app.box.com\/s\/tfhev1f4pufhgl5khimzoi2fch4jweno\" target=\"_blank\" rel=\"noopener\">05_Estado de Flujos de Efectivo<\/a><\/td>\n<\/tr>\n<tr style=\"height: 23px;\">\n<td style=\"height: 23px;\">\u00a0<\/td>\n<td style=\"height: 23px;\"><a href=\"https:\/\/app.box.com\/s\/gj0oze68cr6qsey6ste7qzy0v7lrm7va\" target=\"_blank\" rel=\"noopener\">06 Informe sobre pasivos contingentes<\/a><\/td>\n<\/tr>\n<tr style=\"height: 23px;\">\n<td style=\"height: 23px;\">\u00a0<\/td>\n<td style=\"height: 23px;\">\n<div id=\"edit-filelist\" class=\"dispfile dispfileContainer\"><a href=\"https:\/\/app.box.com\/s\/wfdd8a8bedtym8agl2bebf0udhv61pki\" target=\"_blank\" rel=\"noopener\">07_Notas de Desglose<\/a><\/div>\n<\/td>\n<\/tr>\n<tr style=\"height: 23px;\">\n<td style=\"height: 23px;\">\u00a0<\/td>\n<td style=\"height: 23px;\">\n<div id=\"edit-filelist\" class=\"dispfile dispfileContainer\"><a href=\"https:\/\/app.box.com\/s\/i11oe7u43kasgne2shqrg5fvktxmv0sn\" target=\"_blank\" rel=\"noopener\">08_Notas de Memoria (Cuentas de Orden)<\/a><\/div>\n<\/td>\n<\/tr>\n<tr style=\"height: 23px;\">\n<td style=\"height: 23px;\">\u00a0<\/td>\n<td style=\"height: 23px;\"><a href=\"https:\/\/app.box.com\/s\/3qv1fewqyhqgoc3pyh2ruh6yhaht1q3t\" target=\"_blank\" rel=\"noopener\">09_Notas de Gesti\u00f3n Administrativa<\/a><\/td>\n<\/tr>\n<tr style=\"height: 23px;\">\n<td style=\"height: 23px;\">\u00a0<\/td>\n<td style=\"height: 23px;\"><a href=\"https:\/\/app.box.com\/s\/uskm9afnrqpvfs3nzxqngx0ugs8dl38h\" target=\"_blank\" rel=\"noopener\">10_Estado Anal\u00edtico del Activo<\/a><\/td>\n<\/tr>\n<tr style=\"height: 23px;\">\n<td style=\"height: 23px;\">\u00a0<\/td>\n<td style=\"height: 23px;\"><a href=\"https:\/\/app.box.com\/s\/h712b89l3aw91nt1zf2a7bvepqhdd3r5\" target=\"_blank\" rel=\"noopener\">11_Estado Anal\u00edtico de la Deuda y Otros Pasivos<\/a><\/td>\n<\/tr>\n<tr style=\"height: 23px;\">\n<td style=\"height: 23px;\">\u00a0<\/td>\n<td style=\"height: 23px;\"><a href=\"https:\/\/app.box.com\/s\/j7d129kjq7wq6dmzhh2m9uhgnd0ce8zn\" target=\"_blank\" rel=\"noopener\">13_Estado Anal\u00edtico de Ingresos (Rubro de Ingresos)<\/a><\/td>\n<\/tr>\n<tr style=\"height: 23px;\">\n<td style=\"height: 23px;\">\u00a0<\/td>\n<td style=\"height: 23px;\"><a href=\"https:\/\/app.box.com\/s\/6611dslarjgqc42nso04dwlme3sllnhj\" target=\"_blank\" rel=\"noopener\">14_Estado Anal\u00edtico de Ingresos por Fuente de Financiamiento<\/a><\/td>\n<\/tr>\n<tr style=\"height: 23px;\">\n<td style=\"height: 23px;\">\u00a0<\/td>\n<td style=\"height: 23px;\"><a href=\"https:\/\/app.box.com\/s\/z68rj5yio34ajwjfnz729gongmfhgxqj\" target=\"_blank\" rel=\"noopener\">15_Estado Anal\u00edtico de Ingresos por Clasificaci\u00f3n Econ\u00f3mica<\/a><\/td>\n<\/tr>\n<tr style=\"height: 23px;\">\n<td style=\"height: 23px;\">\u00a0<\/td>\n<td style=\"height: 23px;\"><a href=\"https:\/\/app.box.com\/s\/43id75iheapbhqqrqttichs0crwefqnn\" target=\"_blank\" rel=\"noopener\">16_EAEPE \u2013 Clasificaci\u00f3n Administrativa por Dependencia<\/a><\/td>\n<\/tr>\n<tr style=\"height: 23px;\">\n<td style=\"height: 23px;\">\u00a0<\/td>\n<td style=\"height: 23px;\"><a href=\"https:\/\/app.box.com\/s\/fpd3rj8fmof4ivj2im1h5daou6egnypg\" target=\"_blank\" rel=\"noopener\">19_EAEPE \u2013 Clasificaci\u00f3n Econ\u00f3mica (por Tipo de Gasto)<\/a><\/td>\n<\/tr>\n<tr style=\"height: 23px;\">\n<td style=\"height: 23px;\">\u00a0<\/td>\n<td style=\"height: 23px;\"><a href=\"https:\/\/app.box.com\/s\/q4avm4sewtki8n374qh23tcaom3nzihj\" target=\"_blank\" rel=\"noopener\">20_EAEPE \u2013 Clasificaci\u00f3n por Objeto del Gasto (Cap\u00edtulo y Concepto)<\/a><\/td>\n<\/tr>\n<tr style=\"height: 23px;\">\n<td style=\"height: 23px;\">\u00a0<\/td>\n<td style=\"height: 23px;\"><a href=\"https:\/\/app.box.com\/s\/112e2sl7z6c5haqjw011366pr2n3wjs4\" target=\"_blank\" rel=\"noopener\">21_EAEPE \u2013 Clasificaci\u00f3n Funcional (Finalidad y Funci\u00f3n)<\/a><\/td>\n<\/tr>\n<tr style=\"height: 23px;\">\n<td style=\"height: 23px;\">\u00a0<\/td>\n<td style=\"height: 23px;\"><a href=\"https:\/\/app.box.com\/s\/z2hkg41iqkx4y2r8hf2xld0s2talfwa3\" target=\"_blank\" rel=\"noopener\">22_Endeudamiento Neto<\/a><\/td>\n<\/tr>\n<tr style=\"height: 23px;\">\n<td style=\"height: 23px;\">\u00a0<\/td>\n<td style=\"height: 23px;\"><a href=\"https:\/\/app.box.com\/s\/l8vgcb3a3kyfzl1hlacls0n8a6mge2g4\" target=\"_blank\" rel=\"noopener\">23_Intereses de la Deuda<\/a><\/td>\n<\/tr>\n<tr style=\"height: 23px;\">\n<td style=\"height: 23px;\">\u00a0<\/td>\n<td style=\"height: 23px;\"><a href=\"https:\/\/app.box.com\/s\/l4qjco1uk6hkmncub8mxpy4czdd4bmq1\" target=\"_blank\" rel=\"noopener\">24_Flujo de Fondos<\/a><\/td>\n<\/tr>\n<tr style=\"height: 23px;\">\n<td style=\"height: 23px;\">\u00a0<\/td>\n<td style=\"height: 23px;\"><a href=\"https:\/\/app.box.com\/s\/kqptx2h9nz4qw1dusnwr4tg5799h06ld\" target=\"_blank\" rel=\"noopener\">25_Gasto por Categor\u00eda Program\u00e1tica<\/a><\/td>\n<\/tr>\n<tr style=\"height: 23px;\">\n<td style=\"height: 23px;\">\u00a0<\/td>\n<td style=\"height: 23px;\"><a href=\"https:\/\/app.box.com\/s\/s0fkyhukzfz9fb6q7uu8hxvalm5nyddp\" target=\"_blank\" rel=\"noopener\">28_Relaci\u00f3n de Bienes Muebles<\/a><\/td>\n<\/tr>\n<tr style=\"height: 23px;\">\n<td style=\"height: 23px;\">\u00a0<\/td>\n<td style=\"height: 23px;\"><a href=\"https:\/\/app.box.com\/s\/ctqm5x6lvwt0cbykrc7erq4nzyk07u4u\" target=\"_blank\" rel=\"noopener\">29_Relaci\u00f3n de Bienes Inmuebles<\/a><\/td>\n<\/tr>\n<tr style=\"height: 23px;\">\n<td style=\"height: 23px;\">\u00a0<\/td>\n<td style=\"height: 23px;\"><a href=\"https:\/\/app.box.com\/s\/an6wq2kc0hxfdxbslgu1b4nzrclxjui3\" target=\"_blank\" rel=\"noopener\">34. Balanza de comprobaci\u00f3n<\/a><\/td>\n<\/tr>\n<tr style=\"height: 23px;\">\n<td style=\"height: 23px;\">\u00a0<\/td>\n<td style=\"height: 23px;\"><a href=\"https:\/\/app.box.com\/s\/36kteudba79c6xke48dfo0k2d62od317\" target=\"_blank\" rel=\"noopener\">35. Auxiliares de Mayor<\/a><\/td>\n<\/tr>\n<tr style=\"height: 23px;\">\n<td style=\"height: 23px;\">\u00a0<\/td>\n<td style=\"height: 23px;\"><a href=\"https:\/\/app.box.com\/s\/qn4f6vt5r3bqwv55mp8lkvurijogd7ef\" target=\"_blank\" rel=\"noopener\">36_Estado de Situaci\u00f3n Financiera Detallado \u2013 LDF<\/a><\/td>\n<\/tr>\n<tr style=\"height: 23px;\">\n<td style=\"height: 23px;\">\u00a0<\/td>\n<td style=\"height: 23px;\"><a href=\"https:\/\/app.box.com\/s\/3u6yh0rz821pr0l5trpkxoy70qpm5ndu\" target=\"_blank\" rel=\"noopener\">37_Informe Anal\u00edtico de la Deuda P\u00fablica y Otros Pasivos \u2013 LDF<\/a><\/td>\n<\/tr>\n<tr style=\"height: 23px;\">\n<td style=\"height: 23px;\">\u00a0<\/td>\n<td style=\"height: 23px;\"><a href=\"https:\/\/app.box.com\/s\/8irkf3w5sboj3af5lh59ml8njcrwney9\" target=\"_blank\" rel=\"noopener\">38 Inf. Analit obli fin<\/a><\/td>\n<\/tr>\n<tr style=\"height: 23px;\">\n<td style=\"height: 23px;\">\u00a0<\/td>\n<td style=\"height: 23px;\"><a href=\"https:\/\/app.box.com\/s\/lj24l6p97rh68zf9sd4cqiwwat76ftfb\" target=\"_blank\" rel=\"noopener\">39_Balance Presupuestario \u2013 LDF<\/a><\/td>\n<\/tr>\n<tr style=\"height: 23px;\">\n<td style=\"height: 23px;\">\u00a0<\/td>\n<td style=\"height: 23px;\"><a href=\"https:\/\/app.box.com\/s\/sxhswd9azqb8m6k09c65bx6at817e3d4\" target=\"_blank\" rel=\"noopener\">40_Estado Anal\u00edtico de Ingresos Detallado \u2013 LDF<\/a><\/td>\n<\/tr>\n<tr style=\"height: 23px;\">\n<td style=\"height: 23px;\">\u00a0<\/td>\n<td style=\"height: 23px;\"><a href=\"https:\/\/app.box.com\/s\/ousld1tlf5euupgof99omr7cyfeuxfng\" target=\"_blank\" rel=\"noopener\">41_Estado Anal\u00edtico Ejercicio Presupuesto Egresos Detallado \u2013 COG<\/a><\/td>\n<\/tr>\n<tr style=\"height: 23px;\">\n<td style=\"height: 23px;\">\u00a0<\/td>\n<td style=\"height: 23px;\"><a href=\"https:\/\/app.box.com\/s\/c7yeevq1hyvcl900vzd67vllwtk7898r\" target=\"_blank\" rel=\"noopener\">42_Estado Anal\u00edtico Ejercicio Presupuesto Egresos Detallado \u2013 CA<\/a><\/td>\n<\/tr>\n<tr style=\"height: 23px;\">\n<td style=\"height: 23px;\">\u00a0<\/td>\n<td style=\"height: 23px;\"><a href=\"https:\/\/app.box.com\/s\/3jwfeirfg1dsrey9wc5spzrtfymue2cm\" target=\"_blank\" rel=\"noopener\">43_Estado Anal\u00edtico Ejercicio Presupuesto Egresos Detallado \u2013 CF<\/a><\/td>\n<\/tr>\n<tr style=\"height: 23px;\">\n<td style=\"height: 23px;\">\u00a0<\/td>\n<td style=\"height: 23px;\"><a href=\"https:\/\/app.box.com\/s\/9dk2j94a4b25hj0uda5v5622dya1oe5u\" target=\"_blank\" rel=\"noopener\">44_Estado Anal\u00edtico Ejercicio Presupuesto Egresos Detallado \u2013 SP<\/a><\/td>\n<\/tr>\n<tr style=\"height: 23px;\">\n<td style=\"height: 23px;\">\u00a0<\/td>\n<td style=\"height: 23px;\"><a href=\"https:\/\/app.box.com\/s\/2decstp9me6etkpyyz8p7v516vrwwjxj\" target=\"_blank\" rel=\"noopener\">48 Recaudaci\u00f3n de Derechos por Suministro de Agua<\/a><\/td>\n<\/tr>\n<tr style=\"height: 23px;\">\n<td style=\"height: 23px;\">\u00a0<\/td>\n<td style=\"height: 23px;\"><a href=\"https:\/\/app.box.com\/s\/mvgjuvcsrcikiatppj2ucgcd6q1yz3w6\" target=\"_blank\" rel=\"noopener\">Oficio Presentaci\u00f3n<\/a><\/td>\n<\/tr>\n<\/tbody>\n<\/table>\n<p>\u00a0<\/p>\n<\/address>\n","protected":false},"excerpt":{"rendered":"<p>AUDITORIA SUPERIOR (SEvAC) 2do. Trimestre 2025 \u00a0 01_Estado de Actividades \u00a0 02_Estado de Situaci\u00f3n Financiera \u00a0 03_Estado de Variaci\u00f3n en la Hacienda P\u00fablica \u00a0 04_Estado de Cambios en la Situaci\u00f3n Financiera \u00a0 05_Estado de Flujos de Efectivo \u00a0 06 Informe sobre pasivos contingentes \u00a0 07_Notas de Desglose \u00a0 08_Notas de Memoria (Cuentas de Orden) \u00a0 [&hellip;]<\/p>\n","protected":false},"author":1,"featured_media":0,"parent":0,"menu_order":0,"comment_status":"closed","ping_status":"closed","template":"","meta":[],"_links":{"self":[{"href":"https:\/\/www.jmasojinaga.gob.mx\/principal\/wp-json\/wp\/v2\/pages\/2241"}],"collection":[{"href":"https:\/\/www.jmasojinaga.gob.mx\/principal\/wp-json\/wp\/v2\/pages"}],"about":[{"href":"https:\/\/www.jmasojinaga.gob.mx\/principal\/wp-json\/wp\/v2\/types\/page"}],"author":[{"embeddable":true,"href":"https:\/\/www.jmasojinaga.gob.mx\/principal\/wp-json\/wp\/v2\/users\/1"}],"replies":[{"embeddable":true,"href":"https:\/\/www.jmasojinaga.gob.mx\/principal\/wp-json\/wp\/v2\/comments?post=2241"}],"version-history":[{"count":9,"href":"https:\/\/www.jmasojinaga.gob.mx\/principal\/wp-json\/wp\/v2\/pages\/2241\/revisions"}],"predecessor-version":[{"id":2252,"href":"https:\/\/www.jmasojinaga.gob.mx\/principal\/wp-json\/wp\/v2\/pages\/2241\/revisions\/2252"}],"wp:attachment":[{"href":"https:\/\/www.jmasojinaga.gob.mx\/principal\/wp-json\/wp\/v2\/media?parent=2241"}],"curies":[{"name":"wp","href":"https:\/\/api.w.org\/{rel}","templated":true}]}}