{"id":2220,"date":"2025-05-15T10:58:34","date_gmt":"2025-05-15T17:58:34","guid":{"rendered":"https:\/\/www.jmasojinaga.gob.mx\/principal\/?page_id=2220"},"modified":"2025-05-30T12:06:12","modified_gmt":"2025-05-30T19:06:12","slug":"sevac-primer-trimestre-2025","status":"publish","type":"page","link":"https:\/\/www.jmasojinaga.gob.mx\/principal\/sevac-primer-trimestre-2025\/","title":{"rendered":"SEVAC PRIMER TRIMESTRE 2025"},"content":{"rendered":"\n<h4>AUDITORIA SUPERIOR (SEvAC) 1er. Trimestre 2025<\/h4>\n<address>\n<table style=\"width: 100%; height: 966px;\">\n<tbody>\n<tr style=\"height: 23px;\">\n<td style=\"height: 23px;\">\u00a0<\/td>\n<td style=\"height: 23px;\"><a href=\"https:\/\/app.box.com\/s\/ljv46ugccaqwssu0cvkll1ynwrq86b3w\" target=\"_blank\" rel=\"noopener\">01_Estado de Actividades<\/a><\/td>\n<\/tr>\n<tr style=\"height: 23px;\">\n<td style=\"height: 23px;\">\u00a0<\/td>\n<td style=\"height: 23px;\"><a href=\"https:\/\/app.box.com\/s\/byb419wybqangqkrv9p2fjesoj56qakq\" target=\"_blank\" rel=\"noopener\">02_Estado de Situaci\u00f3n Financiera<\/a><\/td>\n<\/tr>\n<tr style=\"height: 23px;\">\n<td style=\"height: 23px;\">\u00a0<\/td>\n<td style=\"height: 23px;\"><a href=\"https:\/\/app.box.com\/s\/cb8tei8175albtkwiirpyxier159in4t\" target=\"_blank\" rel=\"noopener\">03_Estado de Variaci\u00f3n en la Hacienda P\u00fablica<\/a><\/td>\n<\/tr>\n<tr style=\"height: 23px;\">\n<td style=\"height: 23px;\">\u00a0<\/td>\n<td style=\"height: 23px;\"><a href=\"https:\/\/app.box.com\/s\/czxxeos36bw2wuwg1w6kyddzgubmxy1c\" target=\"_blank\" rel=\"noopener\">04_Estado de Cambios en la Situaci\u00f3n Financiera<\/a><\/td>\n<\/tr>\n<tr style=\"height: 23px;\">\n<td style=\"height: 23px;\">\u00a0<\/td>\n<td style=\"height: 23px;\"><a href=\"https:\/\/app.box.com\/s\/tnkwfp7iep5ykhjcdp17maw1v4ra4geg\" target=\"_blank\" rel=\"noopener\">05_Estado de Flujos de Efectivo<\/a><\/td>\n<\/tr>\n<tr style=\"height: 23px;\">\n<td style=\"height: 23px;\">\u00a0<\/td>\n<td style=\"height: 23px;\"><a href=\"https:\/\/app.box.com\/s\/9wfte1y2vrkjas11n011oou2n3jjnjtc\" target=\"_blank\" rel=\"noopener\">06 Informe sobre pasivos contingentes<\/a><\/td>\n<\/tr>\n<tr style=\"height: 23px;\">\n<td style=\"height: 23px;\">\u00a0<\/td>\n<td style=\"height: 23px;\">\n<div id=\"edit-filelist\" class=\"dispfile dispfileContainer\"><a href=\"https:\/\/app.box.com\/s\/oovk752ta2del9s2zl7zqoxcnukps8ah\" target=\"_blank\" rel=\"noopener\">07_Notas de Desglose<\/a><\/div>\n<\/td>\n<\/tr>\n<tr style=\"height: 23px;\">\n<td style=\"height: 23px;\">\u00a0<\/td>\n<td style=\"height: 23px;\">\n<div id=\"edit-filelist\" class=\"dispfile dispfileContainer\"><a href=\"https:\/\/app.box.com\/s\/m7tkby6uz4sjznr4t8ngz68wx7hjsgax\" target=\"_blank\" rel=\"noopener\">08_Notas de Memoria (Cuentas de Orden)<\/a><\/div>\n<\/td>\n<\/tr>\n<tr style=\"height: 23px;\">\n<td style=\"height: 23px;\">\u00a0<\/td>\n<td style=\"height: 23px;\"><a href=\"https:\/\/app.box.com\/s\/8xfd1a3k29h4lostiyg7hba92exbmpe2\" target=\"_blank\" rel=\"noopener\">09_Notas de Gesti\u00f3n Administrativa<\/a><\/td>\n<\/tr>\n<tr style=\"height: 23px;\">\n<td style=\"height: 23px;\">\u00a0<\/td>\n<td style=\"height: 23px;\"><a href=\"https:\/\/app.box.com\/s\/cbar4to79nku8e2f8jzbddfqwf84gf4w\" target=\"_blank\" rel=\"noopener\">10_Estado Anal\u00edtico del Activo<\/a><\/td>\n<\/tr>\n<tr style=\"height: 23px;\">\n<td style=\"height: 23px;\">\u00a0<\/td>\n<td style=\"height: 23px;\"><a href=\"https:\/\/app.box.com\/s\/30ygxuql6dy6bivzowvwqqz4hx46r5z3\" target=\"_blank\" rel=\"noopener\">11_Estado Anal\u00edtico de la Deuda y Otros Pasivos<\/a><\/td>\n<\/tr>\n<tr style=\"height: 23px;\">\n<td style=\"height: 23px;\">\u00a0<\/td>\n<td style=\"height: 23px;\"><a href=\"https:\/\/app.box.com\/s\/30q0sqrw98mcys8afgr5ozsu439b0su2\" target=\"_blank\" rel=\"noopener\">13_Estado Anal\u00edtico de Ingresos (Rubro de Ingresos)<\/a><\/td>\n<\/tr>\n<tr style=\"height: 23px;\">\n<td style=\"height: 23px;\">\u00a0<\/td>\n<td style=\"height: 23px;\"><a href=\"https:\/\/app.box.com\/s\/2qnnyc90oqvku075kwzujtexq0nhg9af\" target=\"_blank\" rel=\"noopener\">14_Estado Anal\u00edtico de Ingresos por Fuente de Financiamiento<\/a><\/td>\n<\/tr>\n<tr style=\"height: 23px;\">\n<td style=\"height: 23px;\">\u00a0<\/td>\n<td style=\"height: 23px;\"><a href=\"https:\/\/app.box.com\/s\/g12qbww47ovlnen2vycrms1fm38kg7eg\">15_Estado Anal\u00edtico de Ingresos por Clasificaci\u00f3n Econ\u00f3mica<\/a><\/td>\n<\/tr>\n<tr style=\"height: 23px;\">\n<td style=\"height: 23px;\">\u00a0<\/td>\n<td style=\"height: 23px;\"><a href=\"https:\/\/app.box.com\/s\/tnvolip42w2q0ztgsdb0av72qmyr6vns\" target=\"_blank\" rel=\"noopener\">16_EAEPE \u2013 Clasificaci\u00f3n Administrativa por Dependencia<\/a><\/td>\n<\/tr>\n<tr style=\"height: 23px;\">\n<td style=\"height: 23px;\">\u00a0<\/td>\n<td style=\"height: 23px;\"><a href=\"https:\/\/app.box.com\/s\/es6778ah5twoova3j247if5st12qjo5x\" target=\"_blank\" rel=\"noopener\">19_EAEPE \u2013 Clasificaci\u00f3n Econ\u00f3mica (por Tipo de Gasto)<\/a><\/td>\n<\/tr>\n<tr style=\"height: 23px;\">\n<td style=\"height: 23px;\">\u00a0<\/td>\n<td style=\"height: 23px;\"><a href=\"https:\/\/app.box.com\/s\/3e0mjm2c2s5khhg0o3clrjf0ax4k5ryl\" target=\"_blank\" rel=\"noopener\">20_EAEPE \u2013 Clasificaci\u00f3n por Objeto del Gasto (Cap\u00edtulo y Concepto)<\/a><\/td>\n<\/tr>\n<tr style=\"height: 23px;\">\n<td style=\"height: 23px;\">\u00a0<\/td>\n<td style=\"height: 23px;\"><a href=\"https:\/\/app.box.com\/s\/dp6busll13u2ddvuf3fo6uzb6rar500t\" target=\"_blank\" rel=\"noopener\">21_EAEPE \u2013 Clasificaci\u00f3n Funcional (Finalidad y Funci\u00f3n)<\/a><\/td>\n<\/tr>\n<tr style=\"height: 23px;\">\n<td style=\"height: 23px;\">\u00a0<\/td>\n<td style=\"height: 23px;\"><a href=\"https:\/\/app.box.com\/s\/8g6jhrlmqv83nzxkhst4pmtbjmgn6zlj\" target=\"_blank\" rel=\"noopener\">22_Endeudamiento Neto<\/a><\/td>\n<\/tr>\n<tr style=\"height: 23px;\">\n<td style=\"height: 23px;\">\u00a0<\/td>\n<td style=\"height: 23px;\"><a href=\"https:\/\/app.box.com\/s\/0qp9l19a9mubhsxb82y86smpeur57zl4\">23_Intereses de la Deuda<\/a><\/td>\n<\/tr>\n<tr style=\"height: 23px;\">\n<td style=\"height: 23px;\">\u00a0<\/td>\n<td style=\"height: 23px;\"><a href=\"https:\/\/app.box.com\/s\/idolpyzk5d1ash1qhe6tv6tfth3wx9le\" target=\"_blank\" rel=\"noopener\">24_Flujo de Fondos<\/a><\/td>\n<\/tr>\n<tr style=\"height: 23px;\">\n<td style=\"height: 23px;\">\u00a0<\/td>\n<td style=\"height: 23px;\"><a href=\"https:\/\/app.box.com\/s\/ktsk2k4hbfaay1f8bpnc18a136k5lzou\" target=\"_blank\" rel=\"noopener\">25_Gasto por Categor\u00eda Program\u00e1tica<\/a><\/td>\n<\/tr>\n<tr style=\"height: 23px;\">\n<td style=\"height: 23px;\">\u00a0<\/td>\n<td style=\"height: 23px;\"><a href=\"https:\/\/app.box.com\/s\/b8yk6xnm2cj9vhfn7avgmc97zj6pa9xs\" target=\"_blank\" rel=\"noopener\">28_Relaci\u00f3n de Bienes Muebles<\/a><\/td>\n<\/tr>\n<tr style=\"height: 23px;\">\n<td style=\"height: 23px;\">\u00a0<\/td>\n<td style=\"height: 23px;\"><a href=\"https:\/\/app.box.com\/s\/hd85k0ktnlreq2sz3fumnur39qhpar5f\" target=\"_blank\" rel=\"noopener\">29_Relaci\u00f3n de Bienes Inmuebles<\/a><\/td>\n<\/tr>\n<tr style=\"height: 23px;\">\n<td style=\"height: 23px;\">\u00a0<\/td>\n<td style=\"height: 23px;\"><a href=\"https:\/\/app.box.com\/s\/qg5aojgmf4wmx3jx1cr3hpodkaqwhju0\" target=\"_blank\" rel=\"noopener\">34. Balanza de comprobaci\u00f3n<\/a><\/td>\n<\/tr>\n<tr style=\"height: 23px;\">\n<td style=\"height: 23px;\">\u00a0<\/td>\n<td style=\"height: 23px;\"><a href=\"https:\/\/app.box.com\/s\/olb14n7mwc6qzptt90zn7ulszaap4kn1\">35. Auxiliares de Mayor<\/a><\/td>\n<\/tr>\n<tr style=\"height: 23px;\">\n<td style=\"height: 23px;\">\u00a0<\/td>\n<td style=\"height: 23px;\"><a href=\"https:\/\/app.box.com\/s\/625frrl26tcoy1js86nljl0vi7do29vu\" target=\"_blank\" rel=\"noopener\">36_Estado de Situaci\u00f3n Financiera Detallado \u2013 LDF<\/a><\/td>\n<\/tr>\n<tr style=\"height: 23px;\">\n<td style=\"height: 23px;\">\u00a0<\/td>\n<td style=\"height: 23px;\"><a href=\"https:\/\/app.box.com\/s\/derjc8rldmcbck3qnk3s2p8twpbcqnke\" target=\"_blank\" rel=\"noopener\">37_Informe Anal\u00edtico de la Deuda P\u00fablica y Otros Pasivos \u2013 LDF<\/a><\/td>\n<\/tr>\n<tr style=\"height: 23px;\">\n<td style=\"height: 23px;\">\u00a0<\/td>\n<td style=\"height: 23px;\"><a href=\"https:\/\/app.box.com\/s\/c7m9s3kyo7cct9zgw83cbqjk7tprqrb9\" target=\"_blank\" rel=\"noopener\">38 Inf. Analit obli fin<\/a><\/td>\n<\/tr>\n<tr style=\"height: 23px;\">\n<td style=\"height: 23px;\">\u00a0<\/td>\n<td style=\"height: 23px;\"><a href=\"https:\/\/app.box.com\/s\/veyd3ahpfw4su71zzvva9p69qa0mqurx\">39_Balance Presupuestario \u2013 LDF<\/a><\/td>\n<\/tr>\n<tr style=\"height: 23px;\">\n<td style=\"height: 23px;\">\u00a0<\/td>\n<td style=\"height: 23px;\"><a href=\"https:\/\/app.box.com\/s\/ptckln9b37px1gfexsrkx0t7p2998n5g\" target=\"_blank\" rel=\"noopener\">40_Estado Anal\u00edtico de Ingresos Detallado \u2013 LDF<\/a><\/td>\n<\/tr>\n<tr style=\"height: 23px;\">\n<td style=\"height: 23px;\">\u00a0<\/td>\n<td style=\"height: 23px;\"><a href=\"https:\/\/app.box.com\/s\/jo64ptj0r2n4i8u6ijjhk7meponspzsd\" target=\"_blank\" rel=\"noopener\">41_Estado Anal\u00edtico Ejercicio Presupuesto Egresos Detallado \u2013 COG<\/a><\/td>\n<\/tr>\n<tr style=\"height: 23px;\">\n<td style=\"height: 23px;\">\u00a0<\/td>\n<td style=\"height: 23px;\"><a href=\"https:\/\/app.box.com\/s\/jzjyqsfqcygo8jyvei591s877vqf5yc7\" target=\"_blank\" rel=\"noopener\">42_Estado Anal\u00edtico Ejercio Presupuesto Egresos Detallado \u2013 CA<\/a><\/td>\n<\/tr>\n<tr style=\"height: 23px;\">\n<td style=\"height: 23px;\">\u00a0<\/td>\n<td style=\"height: 23px;\"><a href=\"https:\/\/app.box.com\/s\/654mu6hf1pekvlt0afby4cyicxsqy3qr\" target=\"_blank\" rel=\"noopener\">43_Estado Anal\u00edtico Ejercio Presupuesto Egresos Detallado \u2013 CF<\/a><\/td>\n<\/tr>\n<tr style=\"height: 23px;\">\n<td style=\"height: 23px;\">\u00a0<\/td>\n<td style=\"height: 23px;\"><a href=\"https:\/\/app.box.com\/s\/mdsjmk05yf83y88jivn6clan7h2yldbf\" target=\"_blank\" rel=\"noopener\">44_Estado Anal\u00edtico Ejercio Presupuesto Egresos Detallado \u2013 SP<\/a><\/td>\n<\/tr>\n<tr style=\"height: 23px;\">\n<td style=\"height: 23px;\">\u00a0<\/td>\n<td style=\"height: 23px;\"><a href=\"https:\/\/app.box.com\/s\/fqskea05izq67mfsajey4gs8ciyon481\" target=\"_blank\" rel=\"noopener\">48 Recaudaci\u00f3n de Derechos por Suministro de Agua<\/a><\/td>\n<\/tr>\n<tr style=\"height: 23px;\">\n<td style=\"height: 23px;\">\u00a0<\/td>\n<td style=\"height: 23px;\"><a href=\"https:\/\/app.box.com\/s\/0risjdnkqp39nrfk6tede0k5gmxqhwgi\" target=\"_blank\" rel=\"noopener\">AYUDAS SOCIALES 2025<\/a><\/td>\n<\/tr>\n<\/tbody>\n<\/table>\n<p>\u00a0<\/p>\n<\/address>\n","protected":false},"excerpt":{"rendered":"<p>AUDITORIA SUPERIOR (SEvAC) 1er. Trimestre 2025 \u00a0 01_Estado de Actividades \u00a0 02_Estado de Situaci\u00f3n Financiera \u00a0 03_Estado de Variaci\u00f3n en la Hacienda P\u00fablica \u00a0 04_Estado de Cambios en la Situaci\u00f3n Financiera \u00a0 05_Estado de Flujos de Efectivo \u00a0 06 Informe sobre pasivos contingentes \u00a0 07_Notas de Desglose \u00a0 08_Notas de Memoria (Cuentas de Orden) \u00a0 [&hellip;]<\/p>\n","protected":false},"author":1,"featured_media":0,"parent":0,"menu_order":0,"comment_status":"closed","ping_status":"closed","template":"","meta":[],"_links":{"self":[{"href":"https:\/\/www.jmasojinaga.gob.mx\/principal\/wp-json\/wp\/v2\/pages\/2220"}],"collection":[{"href":"https:\/\/www.jmasojinaga.gob.mx\/principal\/wp-json\/wp\/v2\/pages"}],"about":[{"href":"https:\/\/www.jmasojinaga.gob.mx\/principal\/wp-json\/wp\/v2\/types\/page"}],"author":[{"embeddable":true,"href":"https:\/\/www.jmasojinaga.gob.mx\/principal\/wp-json\/wp\/v2\/users\/1"}],"replies":[{"embeddable":true,"href":"https:\/\/www.jmasojinaga.gob.mx\/principal\/wp-json\/wp\/v2\/comments?post=2220"}],"version-history":[{"count":3,"href":"https:\/\/www.jmasojinaga.gob.mx\/principal\/wp-json\/wp\/v2\/pages\/2220\/revisions"}],"predecessor-version":[{"id":2226,"href":"https:\/\/www.jmasojinaga.gob.mx\/principal\/wp-json\/wp\/v2\/pages\/2220\/revisions\/2226"}],"wp:attachment":[{"href":"https:\/\/www.jmasojinaga.gob.mx\/principal\/wp-json\/wp\/v2\/media?parent=2220"}],"curies":[{"name":"wp","href":"https:\/\/api.w.org\/{rel}","templated":true}]}}