{"id":2137,"date":"2024-11-12T10:15:52","date_gmt":"2024-11-12T17:15:52","guid":{"rendered":"https:\/\/www.jmasojinaga.gob.mx\/principal\/?page_id=2137"},"modified":"2024-11-13T19:17:02","modified_gmt":"2024-11-14T02:17:02","slug":"sevac-tercer-trimestre-2024","status":"publish","type":"page","link":"https:\/\/www.jmasojinaga.gob.mx\/principal\/sevac-tercer-trimestre-2024\/","title":{"rendered":"SEVAC Tercer trimestre 2024"},"content":{"rendered":"\n<h4>AUDITORIA SUPERIOR (SEvAC) 3er. Trimestre 2024<\/h4>\n<address>\n<table style=\"width: 100.357%; height: 920px;\">\n<tbody>\n<tr style=\"height: 23px;\">\n<td style=\"height: 23px; width: 1.18624%;\">\u00a0<\/td>\n<td style=\"height: 23px; width: 97.8648%;\"><a href=\"https:\/\/app.box.com\/s\/lw9smwnciy7xo94mp7sij4w1krp97578\" target=\"_blank\" rel=\"noopener\">01_Estado de Actividades<\/a><\/td>\n<\/tr>\n<tr style=\"height: 23px;\">\n<td style=\"height: 23px; width: 1.18624%;\">\u00a0<\/td>\n<td style=\"height: 23px; width: 97.8648%;\"><a href=\"https:\/\/app.box.com\/s\/zi5i1vtlxrwusxm6qdjado7yup0upmae\" target=\"_blank\" rel=\"noopener\">02_Estado de Situaci\u00f3n Financiera<\/a><\/td>\n<\/tr>\n<tr style=\"height: 23px;\">\n<td style=\"height: 23px; width: 1.18624%;\">\u00a0<\/td>\n<td style=\"height: 23px; width: 97.8648%;\"><a href=\"https:\/\/app.box.com\/s\/qbl4zef78m2oid00fup54c21pbva49df\" target=\"_blank\" rel=\"noopener\">03_Estado de Variaci\u00f3n en la Hacienda P\u00fablica<\/a><\/td>\n<\/tr>\n<tr style=\"height: 23px;\">\n<td style=\"height: 23px; width: 1.18624%;\">\u00a0<\/td>\n<td style=\"height: 23px; width: 97.8648%;\"><a href=\"https:\/\/app.box.com\/s\/q2bstdynf7nd8zjhcz0fsua746fymxu8\" target=\"_blank\" rel=\"noopener\">04_Estado de Cambios en la Situaci\u00f3n Financiera<\/a><\/td>\n<\/tr>\n<tr style=\"height: 23px;\">\n<td style=\"height: 23px; width: 1.18624%;\">\u00a0<\/td>\n<td style=\"height: 23px; width: 97.8648%;\"><a href=\"https:\/\/app.box.com\/s\/ay72uyjipuy3v7jmf7bvps2y487fljps\" target=\"_blank\" rel=\"noopener\">05_Estado de Flujos de Efectivo<\/a><\/td>\n<\/tr>\n<tr style=\"height: 23px;\">\n<td style=\"height: 23px; width: 1.18624%;\">\u00a0<\/td>\n<td style=\"height: 23px; width: 97.8648%;\"><a href=\"https:\/\/app.box.com\/s\/4bq1v3shxxnpgktdi4i8wwb5zddhib2t\" target=\"_blank\" rel=\"noopener\">06 Informe sobre pasivos contingentes<\/a><\/td>\n<\/tr>\n<tr style=\"height: 23px;\">\n<td style=\"height: 23px; width: 1.18624%;\">\u00a0<\/td>\n<td style=\"height: 23px; width: 97.8648%;\">\n<div id=\"edit-filelist\" class=\"dispfile dispfileContainer\"><a href=\"https:\/\/app.box.com\/s\/piop1i3urt1k1i05e6pingi2bsxe5tgn\" target=\"_blank\" rel=\"noopener\">07_Notas de Desglose<\/a><\/div>\n<\/td>\n<\/tr>\n<tr style=\"height: 23px;\">\n<td style=\"height: 23px; width: 1.18624%;\">\u00a0<\/td>\n<td style=\"height: 23px; width: 97.8648%;\">\n<div id=\"edit-filelist\" class=\"dispfile dispfileContainer\"><a href=\"https:\/\/app.box.com\/s\/l5yovtpavpjgq7vyd36yl499gauis25d\" target=\"_blank\" rel=\"noopener\">08_Notas de Memoria (Cuentas de Orden)<\/a><\/div>\n<\/td>\n<\/tr>\n<tr style=\"height: 23px;\">\n<td style=\"height: 23px; width: 1.18624%;\">\u00a0<\/td>\n<td style=\"height: 23px; width: 97.8648%;\"><a href=\"https:\/\/app.box.com\/s\/7bkh1oh6vuaqdd8ie61dyxrmtwzepe3e\" target=\"_blank\" rel=\"noopener\">09_Notas de Gesti\u00f3n Administrativa<\/a><\/td>\n<\/tr>\n<tr style=\"height: 23px;\">\n<td style=\"height: 23px; width: 1.18624%;\">\u00a0<\/td>\n<td style=\"height: 23px; width: 97.8648%;\"><a href=\"https:\/\/app.box.com\/s\/34s193poxntt1o79iju5126yzmxggkhv\" target=\"_blank\" rel=\"noopener\">10_Estado Anal\u00edtico del Activo<\/a><\/td>\n<\/tr>\n<tr style=\"height: 23px;\">\n<td style=\"height: 23px; width: 1.18624%;\">\u00a0<\/td>\n<td style=\"height: 23px; width: 97.8648%;\"><a href=\"https:\/\/app.box.com\/s\/kurbrjz8hn56i9hgmo4lqmodbl0ed23i\" target=\"_blank\" rel=\"noopener\">11_Estado Anal\u00edtico de la Deuda y Otros Pasivos<\/a><\/td>\n<\/tr>\n<tr style=\"height: 23px;\">\n<td style=\"height: 23px; width: 1.18624%;\">\u00a0<\/td>\n<td style=\"height: 23px; width: 97.8648%;\"><a href=\"https:\/\/app.box.com\/s\/puhsa1uoniw24x0j3z4m8z3jkb0xsjsj\" target=\"_blank\" rel=\"noopener\">13_Estado Anal\u00edtico de Ingresos (Rubro de Ingresos)<\/a><\/td>\n<\/tr>\n<tr style=\"height: 23px;\">\n<td style=\"height: 23px; width: 1.18624%;\">\u00a0<\/td>\n<td style=\"height: 23px; width: 97.8648%;\"><a href=\"https:\/\/app.box.com\/s\/w8s0txfc7nr05g4omy55jgnii5ekzsej\" target=\"_blank\" rel=\"noopener\">14_Estado Anal\u00edtico de Ingresos por Fuente de Financiamiento<\/a><\/td>\n<\/tr>\n<tr style=\"height: 23px;\">\n<td style=\"height: 23px; width: 1.18624%;\">\u00a0<\/td>\n<td style=\"height: 23px; width: 97.8648%;\"><a href=\"https:\/\/app.box.com\/s\/tfz5789kteynslb1odirdhngh0gr7ecj\" target=\"_blank\" rel=\"noopener\">15_Estado Anal\u00edtico de Ingresos por Clasificaci\u00f3n Econ\u00f3mica<\/a><\/td>\n<\/tr>\n<tr style=\"height: 23px;\">\n<td style=\"height: 23px; width: 1.18624%;\">\u00a0<\/td>\n<td style=\"height: 23px; width: 97.8648%;\"><a href=\"https:\/\/app.box.com\/s\/tu6xh3e77q4zqt5g25tpyrprn5by9qql\" target=\"_blank\" rel=\"noopener\">16_EAEPE \u2013 Clasificaci\u00f3n Administrativa por Dependencia<\/a><\/td>\n<\/tr>\n<tr style=\"height: 23px;\">\n<td style=\"height: 23px; width: 1.18624%;\">\u00a0<\/td>\n<td style=\"height: 23px; width: 97.8648%;\"><a href=\"https:\/\/app.box.com\/s\/k23xbr9mqpaqkoprna6ry6hhkz0dijbt\" target=\"_blank\" rel=\"noopener\">19_EAEPE \u2013 Clasificaci\u00f3n Econ\u00f3mica (por Tipo de Gasto)<\/a><\/td>\n<\/tr>\n<tr style=\"height: 23px;\">\n<td style=\"height: 23px; width: 1.18624%;\">\u00a0<\/td>\n<td style=\"height: 23px; width: 97.8648%;\"><a href=\"https:\/\/app.box.com\/s\/3hslzpco4xc7roduj4szvk1sr0iwsznb\" target=\"_blank\" rel=\"noopener\">20_EAEPE \u2013 Clasificaci\u00f3n por Objeto del Gasto (Cap\u00edtulo y Concepto)<\/a><\/td>\n<\/tr>\n<tr style=\"height: 23px;\">\n<td style=\"height: 23px; width: 1.18624%;\">\u00a0<\/td>\n<td style=\"height: 23px; width: 97.8648%;\"><a href=\"https:\/\/app.box.com\/s\/cddbcjdq8fk6rrx4cc95pd37p8uwq3c7\" target=\"_blank\" rel=\"noopener\">21_EAEPE \u2013 Clasificaci\u00f3n Funcional (Finalidad y Funci\u00f3n)<\/a><\/td>\n<\/tr>\n<tr style=\"height: 23px;\">\n<td style=\"height: 23px; width: 1.18624%;\">\u00a0<\/td>\n<td style=\"height: 23px; width: 97.8648%;\"><a href=\"https:\/\/app.box.com\/s\/cgx3vx9gier2sj5dat2e5wr9nhl33ak6\" target=\"_blank\" rel=\"noopener\">22_Endeudamiento Neto<\/a><\/td>\n<\/tr>\n<tr style=\"height: 23px;\">\n<td style=\"height: 23px; width: 1.18624%;\">\u00a0<\/td>\n<td style=\"height: 23px; width: 97.8648%;\"><a href=\"https:\/\/app.box.com\/s\/3anksay1xjjahfidjrqua983ldu8febr\" target=\"_blank\" rel=\"noopener\">23_Intereses de la Deuda<\/a><\/td>\n<\/tr>\n<tr style=\"height: 23px;\">\n<td style=\"height: 23px; width: 1.18624%;\">\u00a0<\/td>\n<td style=\"height: 23px; width: 97.8648%;\"><a href=\"https:\/\/app.box.com\/s\/w03ksts08g7paunxqtx1yigw6wpqigy5\" target=\"_blank\" rel=\"noopener\">24_Flujo de Fondos<\/a><\/td>\n<\/tr>\n<tr style=\"height: 23px;\">\n<td style=\"height: 23px; width: 1.18624%;\">\u00a0<\/td>\n<td style=\"height: 23px; width: 97.8648%;\"><a href=\"https:\/\/app.box.com\/s\/ngxhxffate8kamy9m4m4ijvcn05dfeu5\" target=\"_blank\" rel=\"noopener\">25_Gasto por Categor\u00eda Program\u00e1tica<\/a><\/td>\n<\/tr>\n<tr style=\"height: 23px;\">\n<td style=\"width: 1.18624%; height: 23px;\">\u00a0<\/td>\n<td style=\"width: 97.8648%; height: 23px;\"><a href=\"https:\/\/app.box.com\/s\/dyqiwqcsv7fhpdx93ykiksr29x8gpn9l\" target=\"_blank\" rel=\"noopener\">28_Relaci\u00f3n de Bienes Muebles<\/a><\/td>\n<\/tr>\n<tr style=\"height: 23px;\">\n<td style=\"width: 1.18624%; height: 23px;\">\u00a0<\/td>\n<td style=\"width: 97.8648%; height: 23px;\"><a href=\"https:\/\/app.box.com\/s\/oyx0t2n7s53fa2oxiaa551sxcdzxyqzq\" target=\"_blank\" rel=\"noopener\">29_Relaci\u00f3n de Bienes Inmuebles<\/a><\/td>\n<\/tr>\n<tr style=\"height: 23px;\">\n<td style=\"width: 1.18624%; height: 23px;\">\u00a0<\/td>\n<td style=\"width: 97.8648%; height: 23px;\"><a href=\"https:\/\/app.box.com\/s\/xr0yaeon4r2gl12ml55sgca0x322v2wl\" target=\"_blank\" rel=\"noopener\">36_Estado de Situaci\u00f3n Financiera Detallado \u2013 LDF<\/a><\/td>\n<\/tr>\n<tr style=\"height: 23px;\">\n<td style=\"width: 1.18624%; height: 23px;\">\u00a0<\/td>\n<td style=\"width: 97.8648%; height: 23px;\"><a href=\"https:\/\/app.box.com\/s\/5doy0deoun04uwreujsayzlgt61vbdwp\" target=\"_blank\" rel=\"noopener\">37_Informe Anal\u00edtico de la Deuda P\u00fablica y Otros Pasivos \u2013 LDF<\/a><\/td>\n<\/tr>\n<tr style=\"height: 23px;\">\n<td style=\"width: 1.18624%; height: 23px;\">\u00a0<\/td>\n<td style=\"width: 97.8648%; height: 23px;\"><a href=\"https:\/\/app.box.com\/s\/gbyjnzvcppg4ie8mb77hmuymk9jebxxb\" target=\"_blank\" rel=\"noopener\">38 Inf. Analit obli fin<\/a><\/td>\n<\/tr>\n<tr style=\"height: 23px;\">\n<td style=\"width: 1.18624%; height: 23px;\">\u00a0<\/td>\n<td style=\"width: 97.8648%; height: 23px;\"><a href=\"https:\/\/app.box.com\/s\/t56c0bucjkwt57ao17czlqn5uqgnnnw7\" target=\"_blank\" rel=\"noopener\">39_Balance Presupuestario \u2013 LDF<\/a><\/td>\n<\/tr>\n<tr style=\"height: 23px;\">\n<td style=\"width: 1.18624%; height: 23px;\">\u00a0<\/td>\n<td style=\"width: 97.8648%; height: 23px;\"><a href=\"https:\/\/app.box.com\/s\/96dmmk5spblitkq3a03pkm53ymshvqlx\" target=\"_blank\" rel=\"noopener\">40_Estado Anal\u00edtico de Ingresos Detallado \u2013 LDF<\/a><\/td>\n<\/tr>\n<tr style=\"height: 23px;\">\n<td style=\"width: 1.18624%; height: 23px;\">\u00a0<\/td>\n<td style=\"width: 97.8648%; height: 23px;\"><a href=\"https:\/\/app.box.com\/s\/3byp0hiqrd8iqdns3cjlfwf8kd3xx66j\" target=\"_blank\" rel=\"noopener\">41_Estado Anal\u00edtico Ejercicio Presupuesto Egresos Detallado \u2013 COG<\/a><\/td>\n<\/tr>\n<tr style=\"height: 23px;\">\n<td style=\"width: 1.18624%; height: 23px;\">\u00a0<\/td>\n<td style=\"width: 97.8648%; height: 23px;\"><a href=\"https:\/\/app.box.com\/s\/agy0cj6vkogogc5tvw0oidlstew7uhwb\" target=\"_blank\" rel=\"noopener\">42_Estado Anal\u00edtico Ejercio Presupuesto Egresos Detallado \u2013 CA<\/a><\/td>\n<\/tr>\n<tr style=\"height: 23px;\">\n<td style=\"width: 1.18624%; height: 23px;\">\u00a0<\/td>\n<td style=\"width: 97.8648%; height: 23px;\"><a href=\"https:\/\/app.box.com\/s\/hawwm6xzdq2z5yx39aw9l7j5m6tuql3k\" target=\"_blank\" rel=\"noopener\">43_Estado Anal\u00edtico Ejercio Presupuesto Egresos Detallado \u2013 CF<\/a><\/td>\n<\/tr>\n<tr style=\"height: 23px;\">\n<td style=\"width: 1.18624%; height: 23px;\">\u00a0<\/td>\n<td style=\"width: 97.8648%; height: 23px;\"><a href=\"https:\/\/app.box.com\/s\/92nqh9wn9fgf576716zog30b27o0g2p0\" target=\"_blank\" rel=\"noopener\">44_Estado Anal\u00edtico Ejercio Presupuesto Egresos Detallado \u2013 SP<\/a><\/td>\n<\/tr>\n<tr style=\"height: 23px;\">\n<td style=\"width: 1.18624%; height: 23px;\">\u00a0<\/td>\n<td style=\"width: 97.8648%; height: 23px;\"><a href=\"https:\/\/app.box.com\/s\/hvq5y71ob2f0kgbeup7h893vt4xzadaz\" target=\"_blank\" rel=\"noopener\">48 Recaudaci\u00f3n de Derechos por Suministro de Agua<\/a><\/td>\n<\/tr>\n<tr style=\"height: 23px;\">\n<td style=\"width: 1.18624%; height: 23px;\">\u00a0<\/td>\n<td style=\"width: 97.8648%; height: 23px;\"><a href=\"https:\/\/app.box.com\/s\/o2dgb49geknr11np2tekcue23f96e9vd\" target=\"_blank\" rel=\"noopener\">OFICIO PRESENTACION<\/a><\/td>\n<\/tr>\n<tr style=\"height: 23px;\">\n<td style=\"width: 1.18624%; height: 23px;\">\u00a0<\/td>\n<td style=\"width: 97.8648%; height: 23px;\"><a href=\"https:\/\/app.box.com\/s\/wkuvjskfm4mm6uvviv6wn0on1mwk4s5w\" target=\"_blank\" rel=\"noopener\">BALANZA JUL SEP 2024<\/a><\/td>\n<\/tr>\n<tr style=\"height: 23px;\">\n<td style=\"width: 1.18624%; height: 23px;\">\u00a0<\/td>\n<td style=\"width: 97.8648%; height: 23px;\"><a href=\"https:\/\/app.box.com\/s\/xbwb0qgtqi9mc0yoix150rnuwy2f3vyf\" target=\"_blank\" rel=\"noopener\">AUX CUENTAS<\/a><\/td>\n<\/tr>\n<tr style=\"height: 23px;\">\n<td style=\"width: 1.18624%; height: 23px;\">\u00a0<\/td>\n<td style=\"width: 97.8648%; height: 23px;\"><a href=\"https:\/\/app.box.com\/s\/afy4a12me0r4zdkq0623pmk2p4qsy555\" target=\"_blank\" rel=\"noopener\">Formato \u00danico Obras y Adquisiciones<\/a><\/td>\n<\/tr>\n<tr style=\"height: 23px;\">\n<td style=\"width: 1.18624%; height: 23px;\">\u00a0<\/td>\n<td style=\"width: 97.8648%; height: 23px;\"><a href=\"https:\/\/app.box.com\/s\/nwpog3v0ktkd6bee282yc8zsdupyry40\" target=\"_blank\" rel=\"noopener\">Indicadores2024<\/a><\/td>\n<\/tr>\n<tr style=\"height: 23px;\">\n<td style=\"width: 1.18624%; height: 23px;\">\u00a0<\/td>\n<td style=\"width: 97.8648%; height: 23px;\"><a href=\"https:\/\/app.box.com\/s\/etgq4la6h7bmoh5jk8qoso4j8h8vg16h\" target=\"_blank\" rel=\"noopener\">AYUDAS SOCIALES 2024<\/a><\/td>\n<\/tr>\n<\/tbody>\n<\/table>\n<p>\u00a0<\/p>\n<\/address>\n","protected":false},"excerpt":{"rendered":"<p>AUDITORIA SUPERIOR (SEvAC) 3er. Trimestre 2024 \u00a0 01_Estado de Actividades \u00a0 02_Estado de Situaci\u00f3n Financiera \u00a0 03_Estado de Variaci\u00f3n en la Hacienda P\u00fablica \u00a0 04_Estado de Cambios en la Situaci\u00f3n Financiera \u00a0 05_Estado de Flujos de Efectivo \u00a0 06 Informe sobre pasivos contingentes \u00a0 07_Notas de Desglose \u00a0 08_Notas de Memoria (Cuentas de Orden) \u00a0 [&hellip;]<\/p>\n","protected":false},"author":1,"featured_media":0,"parent":0,"menu_order":0,"comment_status":"closed","ping_status":"closed","template":"","meta":[],"_links":{"self":[{"href":"https:\/\/www.jmasojinaga.gob.mx\/principal\/wp-json\/wp\/v2\/pages\/2137"}],"collection":[{"href":"https:\/\/www.jmasojinaga.gob.mx\/principal\/wp-json\/wp\/v2\/pages"}],"about":[{"href":"https:\/\/www.jmasojinaga.gob.mx\/principal\/wp-json\/wp\/v2\/types\/page"}],"author":[{"embeddable":true,"href":"https:\/\/www.jmasojinaga.gob.mx\/principal\/wp-json\/wp\/v2\/users\/1"}],"replies":[{"embeddable":true,"href":"https:\/\/www.jmasojinaga.gob.mx\/principal\/wp-json\/wp\/v2\/comments?post=2137"}],"version-history":[{"count":9,"href":"https:\/\/www.jmasojinaga.gob.mx\/principal\/wp-json\/wp\/v2\/pages\/2137\/revisions"}],"predecessor-version":[{"id":2154,"href":"https:\/\/www.jmasojinaga.gob.mx\/principal\/wp-json\/wp\/v2\/pages\/2137\/revisions\/2154"}],"wp:attachment":[{"href":"https:\/\/www.jmasojinaga.gob.mx\/principal\/wp-json\/wp\/v2\/media?parent=2137"}],"curies":[{"name":"wp","href":"https:\/\/api.w.org\/{rel}","templated":true}]}}