{"id":205,"date":"2017-04-05T20:39:52","date_gmt":"2017-04-06T03:39:52","guid":{"rendered":"http:\/\/www.jmasojinaga.gob.mx\/principal\/?page_id=205"},"modified":"2022-07-11T12:16:59","modified_gmt":"2022-07-11T19:16:59","slug":"conoce-la-junta","status":"publish","type":"page","link":"http:\/\/www.jmasojinaga.gob.mx\/principal\/conoce-la-junta\/","title":{"rendered":"Conoce la Junta"},"content":{"rendered":"<p><img loading=\"lazy\" class=\"size-large wp-image-1792 aligncenter\" src=\"http:\/\/www.jmasojinaga.gob.mx\/principal\/wp-content\/uploads\/2017\/04\/286794286_1688455948205829_984108900406659810_n-1024x589.jpg\" alt=\"\" width=\"600\" height=\"345\" srcset=\"http:\/\/www.jmasojinaga.gob.mx\/principal\/wp-content\/uploads\/2017\/04\/286794286_1688455948205829_984108900406659810_n-1024x589.jpg 1024w, http:\/\/www.jmasojinaga.gob.mx\/principal\/wp-content\/uploads\/2017\/04\/286794286_1688455948205829_984108900406659810_n-300x173.jpg 300w, http:\/\/www.jmasojinaga.gob.mx\/principal\/wp-content\/uploads\/2017\/04\/286794286_1688455948205829_984108900406659810_n-768x442.jpg 768w, http:\/\/www.jmasojinaga.gob.mx\/principal\/wp-content\/uploads\/2017\/04\/286794286_1688455948205829_984108900406659810_n.jpg 2048w\" sizes=\"(max-width: 600px) 100vw, 600px\" \/><\/p>\n<p style=\"text-align: justify;\"><strong>\u00bfPor qu\u00e9 el agua es un servicio y debe pagarse a tiempo como el cable, la luz y el tel\u00e9fono ?<\/strong><\/p>\n<p style=\"text-align: justify;\">El agua es considerada un servicio publico de suministro, el cual es fundamental y desempe\u00f1a un papel esencial en el desarrollo econ\u00f3mico y social.<\/p>\n<p style=\"text-align: justify;\">El precio que las personas pagan por el agua est\u00e1 determinado por elementos fundamentales como:<span class=\"text_exposed_show\"><br \/>\nEl costo de traslado desde la fuente de abastecimiento (acu\u00edfero) hasta donde se encuentra el usuario.<br \/>\nLa demanda total de agua, las cargas comerciales y operativas (energ\u00eda, infraestructura, mantenimiento, servicios administrativos, etc.)<br \/>\nTratamiento para potabilizar y eliminar los contaminantes<\/span><\/p>\n<div class=\"text_exposed_show\">\n<p style=\"text-align: justify;\">Todo esto tiene un impacto econ\u00f3mico fuerte, y es preciso tener como solventar dicho proceso, para con ello lograr que todas las comunidades puedan acceder a los servicios y mejorar la eficiencia de estos.<br \/>\n\u00bfQue pasar\u00eda si dejamos de pagar el agua? Simplemente, no tendr\u00edamos la calidad para ofrecer a los usuarios el elemento vital para la existencia, por que podemos vivir, sin luz, sin gas, pero&#8230; \u00bfy sin agua?.<\/p>\n<\/div>\n","protected":false},"excerpt":{"rendered":"<p>\u00bfPor qu\u00e9 el agua es un servicio y debe pagarse a tiempo como el cable, la luz y el tel\u00e9fono ? El agua es considerada un servicio publico de suministro, el cual es fundamental y desempe\u00f1a un papel esencial en el desarrollo econ\u00f3mico y social. El precio que las personas pagan por el agua est\u00e1 [&hellip;]<\/p>\n","protected":false},"author":1,"featured_media":0,"parent":0,"menu_order":0,"comment_status":"closed","ping_status":"closed","template":"","meta":[],"_links":{"self":[{"href":"http:\/\/www.jmasojinaga.gob.mx\/principal\/wp-json\/wp\/v2\/pages\/205"}],"collection":[{"href":"http:\/\/www.jmasojinaga.gob.mx\/principal\/wp-json\/wp\/v2\/pages"}],"about":[{"href":"http:\/\/www.jmasojinaga.gob.mx\/principal\/wp-json\/wp\/v2\/types\/page"}],"author":[{"embeddable":true,"href":"http:\/\/www.jmasojinaga.gob.mx\/principal\/wp-json\/wp\/v2\/users\/1"}],"replies":[{"embeddable":true,"href":"http:\/\/www.jmasojinaga.gob.mx\/principal\/wp-json\/wp\/v2\/comments?post=205"}],"version-history":[{"count":7,"href":"http:\/\/www.jmasojinaga.gob.mx\/principal\/wp-json\/wp\/v2\/pages\/205\/revisions"}],"predecessor-version":[{"id":1793,"href":"http:\/\/www.jmasojinaga.gob.mx\/principal\/wp-json\/wp\/v2\/pages\/205\/revisions\/1793"}],"wp:attachment":[{"href":"http:\/\/www.jmasojinaga.gob.mx\/principal\/wp-json\/wp\/v2\/media?parent=205"}],"curies":[{"name":"wp","href":"https:\/\/api.w.org\/{rel}","templated":true}]}}