{"id":1925,"date":"2023-05-16T16:45:44","date_gmt":"2023-05-16T23:45:44","guid":{"rendered":"https:\/\/www.jmasojinaga.gob.mx\/principal\/?page_id=1925"},"modified":"2023-05-25T11:33:35","modified_gmt":"2023-05-25T18:33:35","slug":"sevac-1er-trimestre-2023","status":"publish","type":"page","link":"http:\/\/www.jmasojinaga.gob.mx\/principal\/sevac-1er-trimestre-2023\/","title":{"rendered":"SEVAC 1ER TRIMESTRE 2023"},"content":{"rendered":"\n<h4>AUDITORIA SUPERIOR (SEvAC) 1er Trimestre 2023<\/h4>\n<address>\n<table style=\"width: 94.4298%; height: 1650px;\">\n<tbody>\n<tr style=\"height: 24px;\">\n<td style=\"width: 4.01038%; height: 24px;\"><span style=\"color: #000000;\">\u00a0<\/span><\/td>\n<td style=\"width: 94.519%; height: 24px;\">\n<h6><a href=\"http:\/\/www.jmasojinaga.gob.mx\/auditoria superior\/1er trimestre 2023\/Estado de actividadesx.pdf\" target=\"_blank\" rel=\"noopener\" data-wplink-url-error=\"true\"><strong>1 Estado de Actividades.<\/strong><\/a><\/h6>\n<\/td>\n<\/tr>\n<tr style=\"height: 24px;\">\n<td style=\"width: 4.01038%; height: 24px;\"><span style=\"color: #000000;\">\u00a0<\/span><\/td>\n<td style=\"width: 94.519%; height: 24px;\">\n<h6><strong><a href=\"http:\/\/www.jmasojinaga.gob.mx\/auditoria superior\/1er trimestre 2023\/Estado de situaci\u00f3n financera.pdf\" target=\"_blank\" rel=\"noopener\" data-wplink-url-error=\"true\">2 Estado de Situaci\u00f3n Financiera<\/a>.<\/strong><\/h6>\n<\/td>\n<\/tr>\n<tr style=\"height: 24px;\">\n<td style=\"width: 4.01038%; height: 24px;\"><span style=\"color: #00ffff;\">\u00a0<\/span><\/td>\n<td style=\"width: 94.519%; height: 24px;\">\n<h6><a href=\"http:\/\/www.jmasojinaga.gob.mx\/auditoria superior\/1er trimestre 2023\/Estado de variaci\u00f3n en la hacienda p\u00fablica.pdf\" target=\"_blank\" rel=\"noopener\" data-wplink-url-error=\"true\"><strong>3 Estado de Variaciones en la Hacienda P\u00fablica<\/strong><\/a><\/h6>\n<\/td>\n<\/tr>\n<tr style=\"height: 24px;\">\n<td style=\"width: 4.01038%; height: 24px;\"><span style=\"color: #00ffff;\">\u00a0<\/span><\/td>\n<td style=\"width: 94.519%; height: 24px;\">\n<h6><a href=\"http:\/\/www.jmasojinaga.gob.mx\/auditoria superior\/1er trimestre 2023\/Estado de cambios en la situaci\u00f3n financera.pdf\" target=\"_blank\" rel=\"noopener\" data-wplink-url-error=\"true\"><strong>4 Estado de Cambios en la Situaci\u00f3n Financiera<\/strong><\/a><\/h6>\n<\/td>\n<\/tr>\n<tr style=\"height: 24px;\">\n<td style=\"width: 4.01038%; height: 24px;\"><span style=\"color: #00ffff;\">\u00a0<\/span><\/td>\n<td style=\"width: 94.519%; height: 24px;\">\n<h6><a href=\"http:\/\/www.jmasojinaga.gob.mx\/auditoria superior\/1er trimestre 2023\/Estado de flujos de efectivo.pdf\" target=\"_blank\" rel=\"noopener\" data-wplink-url-error=\"true\"><strong>5 Estado de Flujos de Efectivo<\/strong><\/a><\/h6>\n<\/td>\n<\/tr>\n<tr style=\"height: 24px;\">\n<td style=\"width: 4.01038%; height: 24px;\">\u00a0<\/td>\n<td style=\"width: 94.519%; height: 24px;\">\n<h6><a href=\"http:\/\/www.jmasojinaga.gob.mx\/auditoria superior\/1er trimestre 2023\/Informe Sobre Pasivos Contingentes.pdf\" target=\"_blank\" rel=\"noopener\" data-wplink-url-error=\"true\"><strong>6 Informe Sobre Pasivos Contingentes<\/strong><\/a><\/h6>\n<\/td>\n<\/tr>\n<tr style=\"height: 24px;\">\n<td style=\"width: 4.01038%; height: 24px;\"><span style=\"color: #00ffff;\">\u00a0<\/span><\/td>\n<td style=\"width: 94.519%; height: 24px;\">\n<h6><a href=\"http:\/\/www.jmasojinaga.gob.mx\/auditoria superior\/1er trimestre 2023\/Notas de desglose.pdf\" target=\"_blank\" rel=\"noopener\" data-wplink-url-error=\"true\"><strong>7 Notas a los Estados Financieros Desglose<\/strong><\/a><\/h6>\n<\/td>\n<\/tr>\n<tr style=\"height: 71px;\">\n<td style=\"width: 4.01038%; height: 71px;\"><span style=\"color: #00ffff;\">\u00a0<\/span><\/td>\n<td style=\"width: 94.519%; height: 71px;\">\n<h6><a href=\"http:\/\/www.jmasojinaga.gob.mx\/auditoria superior\/1er trimestre 2023\/Notas de memoria (cuentas de orden).pdf\" target=\"_blank\" rel=\"noopener\" data-wplink-url-error=\"true\">8 <strong>Notas a los Estados Financieros Memoria<\/strong><\/a><\/h6>\n<\/td>\n<\/tr>\n<tr style=\"height: 71px;\">\n<td style=\"width: 4.01038%; height: 71px;\"><span style=\"color: #00ffff;\">\u00a0<\/span><\/td>\n<td style=\"width: 94.519%; height: 71px;\">\n<h6><a href=\"http:\/\/www.jmasojinaga.gob.mx\/auditoria superior\/1er trimestre 2023\/Notas de gesti\u00f3n administrativa.pdf\" target=\"_blank\" rel=\"noopener\" data-wplink-url-error=\"true\">9 <strong>Notas a los Estados Financieros Gesti\u00f3n\u00a0Administrativa<\/strong><\/a><\/h6>\n<\/td>\n<\/tr>\n<tr style=\"height: 24px;\">\n<td style=\"width: 4.01038%; height: 24px;\"><span style=\"color: #00ffff;\">\u00a0<\/span><\/td>\n<td style=\"width: 94.519%; height: 24px;\">\n<h6><a href=\"http:\/\/www.jmasojinaga.gob.mx\/auditoria superior\/1er trimestre 2023\/Estado anal\u00edtico del activo.pdf\" target=\"_blank\" rel=\"noopener\" data-wplink-url-error=\"true\"><strong>10 Estado Anal\u00edtico del Activo<\/strong><\/a><\/h6>\n<\/td>\n<\/tr>\n<tr style=\"height: 24px;\">\n<td style=\"width: 4.01038%; height: 24px;\"><span style=\"color: #00ffff;\">\u00a0<\/span><\/td>\n<td style=\"width: 94.519%; height: 24px;\">\n<h6><a href=\"http:\/\/www.jmasojinaga.gob.mx\/auditoria superior\/1er trimestre 2023\/Estado anal\u00edtico de la deuda y otros pasivos.pdf\" target=\"_blank\" rel=\"noopener\" data-wplink-url-error=\"true\"><strong>11 Estado An\u00e1litico de la Deuda y Otros Pasivos<\/strong><\/a><\/h6>\n<\/td>\n<\/tr>\n<tr style=\"height: 24px;\">\n<td style=\"width: 4.01038%; height: 24px;\"><span style=\"color: #00ffff;\">\u00a0<\/span><\/td>\n<td style=\"width: 94.519%; height: 24px;\">\n<h6><a href=\"http:\/\/www.jmasojinaga.gob.mx\/auditoria superior\/1er trimestre 2023\/Estado anal\u00edtico de ingresos (rubro de ingresos).pdf\" target=\"_blank\" rel=\"noopener\" data-wplink-url-error=\"true\"><strong>13 Estado Anal\u00edtico de los Ingresos rubro ingreso<\/strong><\/a><\/h6>\n<\/td>\n<\/tr>\n<tr style=\"height: 71px;\">\n<td style=\"width: 4.01038%; height: 71px;\"><span style=\"color: #00ffff;\">\u00a0<\/span><\/td>\n<td style=\"width: 94.519%; height: 71px;\">\n<h6><a href=\"http:\/\/www.jmasojinaga.gob.mx\/auditoria superior\/1er trimestre 2023\/Estado anal\u00edtico de ingresos por fuente de financiamiento.pdf\" target=\"_blank\" rel=\"noopener\" data-wplink-url-error=\"true\"><strong>14 Estado Anal\u00edtico de los Ingresos Fuente Financiamiento<\/strong><\/a><\/h6>\n<\/td>\n<\/tr>\n<tr style=\"height: 71px;\">\n<td style=\"width: 4.01038%; height: 71px;\"><span style=\"color: #00ffff;\">\u00a0<\/span><\/td>\n<td style=\"width: 94.519%; height: 71px;\">\n<h6><strong><a href=\"http:\/\/www.jmasojinaga.gob.mx\/auditoria superior\/1er trimestre 2023\/Estado anal\u00edtico de ingresos por clasificaci\u00f3n econ\u00f3mica.pdf\" target=\"_blank\" rel=\"noopener\" data-wplink-url-error=\"true\">15 Estado Anal\u00edtico C.\u00a0Econ\u00f3mica<\/a><\/strong><\/h6>\n<\/td>\n<\/tr>\n<tr style=\"height: 24px;\">\n<td style=\"width: 4.01038%; height: 24px;\"><span style=\"color: #00ffff;\">\u00a0<\/span><\/td>\n<td style=\"width: 94.519%; height: 24px;\">\n<h6><a href=\"http:\/\/www.jmasojinaga.gob.mx\/auditoria superior\/1er trimestre 2023\/16_eaepe - clasificaci\u00f3n administrativa por dependenciam_Sellado.pdf\" target=\"_blank\" rel=\"noopener\" data-wplink-url-error=\"true\"><strong>16 Estado Anal\u00edtico Ejer de Pres Egresos CAI (Depda)<\/strong><\/a><\/h6>\n<\/td>\n<\/tr>\n<tr style=\"height: 71px;\">\n<td style=\"width: 4.01038%; height: 71px;\"><span style=\"color: #00ffff;\">\u00a0<\/span><\/td>\n<td style=\"width: 94.519%; height: 71px;\">\n<h6><a href=\"http:\/\/www.jmasojinaga.gob.mx\/auditoria superior\/1er trimestre 2023\/Edo. Anal\u00edtico Ejer. Pres.Egresos-CA(Sector Par).pdf\" target=\"_blank\" rel=\"noopener\" data-wplink-url-error=\"true\"><strong>18 Estado Anal\u00edtico Ejer de Pres Egresos CAI (Sector Par)<\/strong><\/a><\/h6>\n<\/td>\n<\/tr>\n<tr style=\"height: 71px;\">\n<td style=\"width: 4.01038%; height: 71px;\"><span style=\"color: #00ffff;\">\u00a0<\/span><\/td>\n<td style=\"width: 94.519%; height: 71px;\">\n<h6><a href=\"http:\/\/www.jmasojinaga.gob.mx\/auditoria superior\/1er trimestre 2023\/19_eaepe - clasificaci\u00f3n econ\u00f3mica (por tipo de gasto)x_Sellado.pdf\" target=\"_blank\" rel=\"noopener\" data-wplink-url-error=\"true\"><strong>19 Estado Anal\u00edtico Ejer de Pres Egresos Cec<\/strong><\/a><\/h6>\n<\/td>\n<\/tr>\n<tr style=\"height: 24px;\">\n<td style=\"width: 4.01038%; height: 24px;\"><span style=\"color: #00ffff;\">\u00a0<\/span><\/td>\n<td style=\"width: 94.519%; height: 24px;\">\n<h6><a href=\"http:\/\/www.jmasojinaga.gob.mx\/auditoria superior\/1er trimestre 2023\/20_eaepe - clasificaci\u00f3n por objeto del gasto (cap\u00edtulo y concepto)x_Sellado.pdf\" target=\"_blank\" rel=\"noopener\" data-wplink-url-error=\"true\"><strong>20 Estado Anal\u00edtico del Presupuesto de Egresos por COG<\/strong><\/a><\/h6>\n<\/td>\n<\/tr>\n<tr style=\"height: 24px;\">\n<td style=\"width: 4.01038%; height: 24px;\"><span style=\"color: #00ffff;\">\u00a0<\/span><\/td>\n<td style=\"width: 94.519%; height: 24px;\">\n<h6><a href=\"http:\/\/www.jmasojinaga.gob.mx\/auditoria superior\/1er trimestre 2023\/21_eaepe - clasificaci\u00f3n funcional (finalidad y funci\u00f3n)x_Sellado.pdf\" target=\"_blank\" rel=\"noopener\" data-wplink-url-error=\"true\"><strong>21 Estado Anal\u00edtico del Presupuesto de Egresos con Clasificaci\u00f3n Funcional (PyF)<\/strong><\/a><\/h6>\n<\/td>\n<\/tr>\n<tr style=\"height: 24px;\">\n<td style=\"width: 4.01038%; height: 24px;\"><span style=\"color: #00ffff;\">\u00a0<\/span><\/td>\n<td style=\"width: 94.519%; height: 24px;\">\n<h6><a href=\"http:\/\/www.jmasojinaga.gob.mx\/auditoria superior\/1er trimestre 2023\/Endeudamiento neto.pdf\" target=\"_blank\" rel=\"noopener\" data-wplink-url-error=\"true\"><strong>22 Endeudamiento Neto<\/strong><\/a><\/h6>\n<\/td>\n<\/tr>\n<tr style=\"height: 24px;\">\n<td style=\"width: 4.01038%; height: 24px;\"><span style=\"color: #00ffff;\">\u00a0<\/span><\/td>\n<td style=\"width: 94.519%; height: 24px;\">\n<h6><a href=\"http:\/\/www.jmasojinaga.gob.mx\/auditoria superior\/1er trimestre 2023\/Intereses de la deuda.pdf\" target=\"_blank\" rel=\"noopener\" data-wplink-url-error=\"true\"><strong>23 Intereses de la Deuda<\/strong><\/a><\/h6>\n<\/td>\n<\/tr>\n<tr style=\"height: 24px;\">\n<td style=\"width: 4.01038%; height: 24px;\"><span style=\"color: #00ffff;\">\u00a0<\/span><\/td>\n<td style=\"width: 94.519%; height: 24px;\">\n<h6><a href=\"http:\/\/www.jmasojinaga.gob.mx\/auditoria superior\/1er trimestre 2023\/Flujo de fondos.pdf\" target=\"_blank\" rel=\"noopener\" data-wplink-url-error=\"true\"><strong>24 Flujo de fondos<\/strong><\/a><\/h6>\n<\/td>\n<\/tr>\n<tr style=\"height: 24px;\">\n<td style=\"width: 4.01038%; height: 24px;\"><span style=\"color: #00ffff;\">\u00a0<\/span><\/td>\n<td style=\"width: 94.519%; height: 24px;\">\n<h6><a href=\"http:\/\/www.jmasojinaga.gob.mx\/auditoria superior\/1er trimestre 2023\/Gasto por categor\u00eda progr\u00e1matica.pdf\" target=\"_blank\" rel=\"noopener\" data-wplink-url-error=\"true\"><strong>25 Gasto Por Categor\u00eda\u00a0Program\u00e1tica<\/strong><\/a><\/h6>\n<\/td>\n<\/tr>\n<tr style=\"height: 24px;\">\n<td style=\"width: 4.01038%; height: 24px;\"><span style=\"color: #00ffff;\">\u00a0<\/span><\/td>\n<td style=\"width: 94.519%; height: 24px;\">\n<h6><a href=\"http:\/\/www.jmasojinaga.gob.mx\/auditoria superior\/1er trimestre 2023\/Programas y proyectos de inversi\u00f3n.pdf\" target=\"_blank\" rel=\"noopener\" data-wplink-url-error=\"true\"><strong>26 Programas y Proyectos de\u00a0Inversi\u00f3n<\/strong><\/a><\/h6>\n<\/td>\n<\/tr>\n<tr style=\"height: 24.5313px;\">\n<td style=\"width: 4.01038%; height: 24px;\"><strong><span style=\"color: #00ffff;\">\u00a0<\/span><\/strong><\/td>\n<td style=\"width: 94.519%; height: 24px;\">\n<h6><a href=\"http:\/\/www.jmasojinaga.gob.mx\/auditoria superior\/1er trimestre 2023\/Relaci\u00f3n de bienes muebles.pdf\" target=\"_blank\" rel=\"noopener\" data-wplink-url-error=\"true\"><strong>28 Relaci\u00f3n de Bienes Muebles<\/strong><\/a><\/h6>\n<\/td>\n<\/tr>\n<tr style=\"height: 71px;\">\n<td style=\"width: 4.01038%; height: 71px;\"><strong><span style=\"color: #00ffff;\">\u00a0<\/span><\/strong><\/td>\n<td style=\"width: 94.519%; height: 71px;\">\n<h6><a href=\"http:\/\/www.jmasojinaga.gob.mx\/auditoria superior\/1er trimestre 2023\/Relaci\u00f3n de bienes inmuebles.pdf\" target=\"_blank\" rel=\"noopener\" data-wplink-url-error=\"true\"><strong>29 Relaci\u00f3n de bienes Inmuebles<\/strong><\/a><\/h6>\n<\/td>\n<\/tr>\n<tr style=\"height: 71px;\">\n<td style=\"width: 4.01038%; height: 71px;\"><strong><span style=\"color: #00ffff;\">\u00a0<\/span><\/strong><\/td>\n<td style=\"width: 94.519%; height: 71px;\">\n<h6><a href=\"http:\/\/www.jmasojinaga.gob.mx\/auditoria superior\/1er trimestre 2023\/Balanza comprobacion.pdf\" target=\"_blank\" rel=\"noopener\" data-wplink-url-error=\"true\"><strong>34 Balanza de Comprobaci\u00f3n de 1\u00b0 a ultimo nivel<\/strong><\/a><\/h6>\n<\/td>\n<\/tr>\n<tr style=\"height: 24px;\">\n<td style=\"width: 4.01038%; height: 24px;\"><span style=\"color: #00ffff;\">\u00a0<\/span><\/td>\n<td style=\"width: 94.519%; height: 24px;\">\n<h6><a href=\"http:\/\/www.jmasojinaga.gob.mx\/auditoria superior\/1er trimestre 2023\/Auxiliar cuentas.pdf\" target=\"_blank\" rel=\"noopener\" data-wplink-url-error=\"true\"><strong>35 Auxiliares de Mayor<\/strong><\/a><\/h6>\n<\/td>\n<\/tr>\n<tr style=\"height: 71px;\">\n<td style=\"width: 4.01038%; height: 71px;\"><span style=\"color: #00ffff;\">\u00a0<\/span><\/td>\n<td style=\"width: 94.519%; height: 71px;\">\n<h6><a href=\"http:\/\/www.jmasojinaga.gob.mx\/auditoria superior\/1er trimestre 2023\/Estado de situaci\u00f3n financiera detallado.pdf\" target=\"_blank\" rel=\"noopener\" data-wplink-url-error=\"true\"><strong>36 Estado de Situaci\u00f3n Financiera Detallado<\/strong><\/a><\/h6>\n<\/td>\n<\/tr>\n<tr style=\"height: 71px;\">\n<td style=\"width: 4.01038%; height: 71px;\"><span style=\"color: #00ffff;\">\u00a0<\/span><\/td>\n<td style=\"width: 94.519%; height: 71px;\">\n<h6><a href=\"http:\/\/www.jmasojinaga.gob.mx\/auditoria superior\/1er trimestre 2023\/Informe anal\u00edtico de la deuda p\u00fablica y otros pasivos.pdf\" target=\"_blank\" rel=\"noopener\" data-wplink-url-error=\"true\"><strong>37 Inf. Anal\u00edtico\u00a0de la Deuda Publica y Otros pasivos<\/strong><\/a><\/h6>\n<\/td>\n<\/tr>\n<tr style=\"height: 71px;\">\n<td style=\"width: 4.01038%; height: 71px;\"><span style=\"color: #00ffff;\">\u00a0<\/span><\/td>\n<td style=\"width: 94.519%; height: 71px;\">\n<h6><a href=\"http:\/\/www.jmasojinaga.gob.mx\/auditoria superior\/1er trimestre 2023\/Inf. Anal\u00edt. de Obligaciones Dif. de Financiam.pdf\" target=\"_blank\" rel=\"noopener\" data-wplink-url-error=\"true\"><strong>38. Inf. Anal\u00edtico de Obligaciones de Financiamiento<\/strong><\/a><\/h6>\n<\/td>\n<\/tr>\n<tr style=\"height: 71px;\">\n<td style=\"width: 4.01038%; height: 71px;\"><span style=\"color: #00ffff;\">\u00a0<\/span><\/td>\n<td style=\"width: 94.519%; height: 71px;\">\n<h6><a href=\"http:\/\/www.jmasojinaga.gob.mx\/auditoria superior\/1er trimestre 2023\/Balance presupuestario.pdf\" target=\"_blank\" rel=\"noopener\" data-wplink-url-error=\"true\"><strong>39 -Balance Presupuestario<\/strong><\/a><\/h6>\n<\/td>\n<\/tr>\n<tr style=\"height: 71px;\">\n<td style=\"width: 4.01038%; height: 71px;\"><span style=\"color: #00ffff;\">\u00a0<\/span><\/td>\n<td style=\"width: 94.519%; height: 71px;\">\n<h6><a href=\"http:\/\/www.jmasojinaga.gob.mx\/auditoria superior\/1er trimestre 2023\/Estado anal\u00edtico de ingresos detallado.pdf\" target=\"_blank\" rel=\"noopener\" data-wplink-url-error=\"true\"><strong>40 Estados Anal\u00edtico de Ingresos Detallado<\/strong><\/a><\/h6>\n<\/td>\n<\/tr>\n<tr style=\"height: 203px;\">\n<td style=\"width: 4.01038%; height: 10px;\"><span style=\"color: #00ffff;\">\u00a0<\/span><\/td>\n<td style=\"width: 94.519%; height: 10px;\">\n<h6><a href=\"http:\/\/www.jmasojinaga.gob.mx\/auditoria superior\/1er trimestre 2023\/Estado anal\u00edtico ejer. pres. egresos detallado.pdf\" target=\"_blank\" rel=\"noopener\" data-wplink-url-error=\"true\"><strong>41 Estado Analitico Ejer. Pres. Egresos Dat. COG<\/strong><\/a><\/h6>\n<\/td>\n<\/tr>\n<tr style=\"height: 71px;\">\n<td style=\"width: 4.01038%; height: 71px;\"><span style=\"color: #00ffff;\">\u00a0<\/span><\/td>\n<td style=\"width: 94.519%; height: 71px;\">\n<h6><a href=\"http:\/\/www.jmasojinaga.gob.mx\/auditoria superior\/1er trimestre 2023\/Estado anal\u00edtico ejer. pres. egresos detallado - ca.pdf\" target=\"_blank\" rel=\"noopener\" data-wplink-url-error=\"true\"><strong>42 Estado Anal\u00edtico\u00a0Ejer. Pres. Egresos Det. CA<\/strong><\/a><\/h6>\n<\/td>\n<\/tr>\n<tr style=\"height: 71px;\">\n<td style=\"width: 4.01038%; height: 71px;\"><span style=\"color: #00ffff;\">\u00a0<\/span><\/td>\n<td style=\"width: 94.519%; height: 71px;\">\n<h6><a href=\"http:\/\/www.jmasojinaga.gob.mx\/auditoria superior\/1er trimestre 2023\/Estado anal\u00edtico ejer. pres. egresos detallado - cf.pdf\" target=\"_blank\" rel=\"noopener\" data-wplink-url-error=\"true\"><strong>43 Estado Anal\u00edtico Ejer. Pres. Egresos Det. CF<\/strong><\/a><\/h6>\n<\/td>\n<\/tr>\n<tr style=\"height: 71px;\">\n<td style=\"width: 4.01038%; height: 71px;\"><span style=\"color: #00ffff;\">\u00a0<\/span><\/td>\n<td style=\"width: 94.519%; height: 71px;\">\n<h6><a href=\"http:\/\/www.jmasojinaga.gob.mx\/auditoria superior\/1er trimestre 2023\/Estado anal\u00edtico ejer. pres. egresos detallado - sp.pdf\" target=\"_blank\" rel=\"noopener\" data-wplink-url-error=\"true\"><strong>44 Estado Anal\u00edtico Ejer. Pres. Egresos Det. SP<\/strong><\/a><\/h6>\n<\/td>\n<\/tr>\n<tr style=\"height: 24px;\">\n<td style=\"width: 4.01038%; height: 24px;\">\u00a0<\/td>\n<td style=\"width: 94.519%; height: 24px;\">\n<h6><a href=\"http:\/\/www.jmasojinaga.gob.mx\/auditoria superior\/1er trimestre 2023\/Recaudaci\u00f3n de derechos por suministro de agua.pdf\" target=\"_blank\" rel=\"noopener\" data-wplink-url-error=\"true\"><strong>43 Recaudaci\u00f3n de Derechos por suministro de Agua<\/strong><\/a><\/h6>\n<\/td>\n<\/tr>\n<tr>\n<td style=\"width: 4.01038%;\">\u00a0<\/td>\n<td style=\"width: 94.519%;\">\n<h6><a href=\"http:\/\/www.jmasojinaga.gob.mx\/auditoria superior\/1er trimestre 2023\/Ayudas Sociales.pdf\" target=\"_blank\" rel=\"noopener\" data-wplink-url-error=\"true\"><strong>44 Ayudas Sociales<\/strong><\/a><\/h6>\n<\/td>\n<\/tr>\n<tr>\n<td style=\"width: 4.01038%;\">\u00a0<\/td>\n<td style=\"width: 94.519%;\">\n<h6><a href=\"http:\/\/www.jmasojinaga.gob.mx\/auditoria superior\/1er trimestre 2023\/Indicadores de Interes 2023.pdf\" target=\"_blank\" rel=\"noopener\" data-wplink-url-error=\"true\"><strong>43 Indicadores de Interes 2023<\/strong><\/a><\/h6>\n<\/td>\n<\/tr>\n<\/tbody>\n<\/table>\n<\/address>\n","protected":false},"excerpt":{"rendered":"<p>AUDITORIA SUPERIOR (SEvAC) 1er Trimestre 2023 \u00a0 1 Estado de Actividades. \u00a0 2 Estado de Situaci\u00f3n Financiera. \u00a0 3 Estado de Variaciones en la Hacienda P\u00fablica \u00a0 4 Estado de Cambios en la Situaci\u00f3n Financiera \u00a0 5 Estado de Flujos de Efectivo \u00a0 6 Informe Sobre Pasivos Contingentes \u00a0 7 Notas a los Estados Financieros [&hellip;]<\/p>\n","protected":false},"author":1,"featured_media":0,"parent":0,"menu_order":0,"comment_status":"closed","ping_status":"closed","template":"","meta":[],"_links":{"self":[{"href":"http:\/\/www.jmasojinaga.gob.mx\/principal\/wp-json\/wp\/v2\/pages\/1925"}],"collection":[{"href":"http:\/\/www.jmasojinaga.gob.mx\/principal\/wp-json\/wp\/v2\/pages"}],"about":[{"href":"http:\/\/www.jmasojinaga.gob.mx\/principal\/wp-json\/wp\/v2\/types\/page"}],"author":[{"embeddable":true,"href":"http:\/\/www.jmasojinaga.gob.mx\/principal\/wp-json\/wp\/v2\/users\/1"}],"replies":[{"embeddable":true,"href":"http:\/\/www.jmasojinaga.gob.mx\/principal\/wp-json\/wp\/v2\/comments?post=1925"}],"version-history":[{"count":23,"href":"http:\/\/www.jmasojinaga.gob.mx\/principal\/wp-json\/wp\/v2\/pages\/1925\/revisions"}],"predecessor-version":[{"id":1959,"href":"http:\/\/www.jmasojinaga.gob.mx\/principal\/wp-json\/wp\/v2\/pages\/1925\/revisions\/1959"}],"wp:attachment":[{"href":"http:\/\/www.jmasojinaga.gob.mx\/principal\/wp-json\/wp\/v2\/media?parent=1925"}],"curies":[{"name":"wp","href":"https:\/\/api.w.org\/{rel}","templated":true}]}}